{"id":153,"date":"2023-04-03T19:15:59","date_gmt":"2023-04-03T17:15:59","guid":{"rendered":"https:\/\/consmadrid.esteri.it\/chi-siamo\/contatti\/"},"modified":"2025-04-02T11:42:37","modified_gmt":"2025-04-02T09:42:37","slug":"contatti","status":"publish","type":"page","link":"https:\/\/consmadrid.esteri.it\/es\/chi-siamo\/contatti\/","title":{"rendered":"Contactos"},"content":{"rendered":"<p><span style=\"text-decoration: underline;\"><strong>Contactos del Consulado General de Italia en Madrid<\/strong><\/span><\/p>\n<p>&#8211;\u00a0<strong>Correo postal<\/strong>: C\/ Agust\u00edn de Betancourt, 3 &#8211; 28003 Madrid<\/p>\n<p>&#8211;\u00a0<strong>Servicio de informaci\u00f3n sin costes a\u00f1adidos<\/strong>: (+34)\u00a0<strong>646.437.890<\/strong>\u00a0&#8211; Lunes, martes, mi\u00e9rcoles y jueves,de 12,00 a 13,00 horas<\/p>\n<p>&#8211;\u00a0<strong>Correo Electr\u00f3nico Certificado (Posta Elettronica Certificata &#8211; PEC)<\/strong>: <a href=\"mailto:cons.madrid@cert.esteri.it\">cons.madrid@cert.esteri.it<\/a> &#8211; El correo PEC puede ser utilizado \u00fanicamente por otros usuarios que posean tambi\u00e9n una cuenta PEC; las cuentas PEC no est\u00e1n habilitadas para recibir mensajes de correo electr\u00f3nico normales, ya que el sistema los marca como \u00abanomal\u00edas\u00bb.<\/p>\n<p>Antes de ponerse en contacto con las oficinas, se recomienda comprobar la informaci\u00f3n requerida en las secciones correspondientes, ya que es posible que las respuestas a sus preguntas ya est\u00e9n contenidas en el sitio web.<\/p>\n<p>En cualquier caso, cuando sean necesarias m\u00e1s informaciones y\/o aclaraciones, se invita a los usuarios a presentar preguntas concisas y completas con todos sus datos personales (apellidos, nombre, fecha de nacimiento, lugar de residencia, tel\u00e9fono de contacto, etc.) .<\/p>\n<p>A continuaci\u00f3n se detallan los correos electr\u00f3nicos de cada sector consular:<\/p>\n<ul>\n<li><strong>A.I.R.E.<\/strong>\u00a0(inscripci\u00f3n\/cambio de domicilio\/baja):\u00a0<a href=\"mailto:madrid.aire@esteri.it\">madrid.aire@esteri.it<\/a><\/li>\n<\/ul>\n<ul>\n<li><strong>Anagrafe<\/strong>\u00a0(verificaciones y plataformas on-line):\u00a0<a href=\"mailto:anagrafe.madrid@esteri.it\">anagrafe.madrid@esteri.it<\/a><\/li>\n<\/ul>\n<ul>\n<li><strong>Asistencia Social:\u00a0<\/strong><a href=\"mailto:sociale.madrid@esteri.it\">sociale.madrid@esteri.it<\/a><\/li>\n<\/ul>\n<ul>\n<li><strong>Carta d&#8217;Identit\u00e0 Electr\u00f3nica<\/strong>:\u00a0<a href=\"consgenmadrid.cie@esteri.it\">consgenmadrid.cie@esteri.it<\/a><\/li>\n<\/ul>\n<ul>\n<li><strong>Certificados Anagr\u00e1ficos<\/strong>:\u00a0<a href=\"mailto:madrid.statocivile@esteri.it\">madrid.statocivile@esteri.it<\/a><\/li>\n<\/ul>\n<ul>\n<li><strong>Codice Fiscale\/Pincode Fisconline<\/strong>:\u00a0<a href=\"mailto:madrid.cfiscale@esteri.it\">madrid.cfiscale@esteri.it<\/a>\u00a0(s\u00f3lo pr v\u00eda telem\u00e1tica)<\/li>\n<\/ul>\n<ul>\n<li><strong>Elecciones\/Voto<\/strong>: <a href=\"mailto:consgenmadrid.elettorale@esteri.it\">consgenmadrid.elettorale@esteri.it<\/a> (correo activo s\u00f3lo en per\u00edodo electoral)<\/li>\n<\/ul>\n<ul>\n<li><strong>Nacionalidad<\/strong>\n<ul>\n<li>por descendencia:\u00a0<a href=\"mailto:madrid.statocivile@esteri.it\">madrid.statocivile@esteri.it<\/a><\/li>\n<li>por matrimonio<strong>:\u00a0<\/strong><a href=\"mailto:cittadinanza.madrid@esteri.it\">cittadinanza.madrid@esteri.it<\/a><\/li>\n<\/ul>\n<\/li>\n<\/ul>\n<ul>\n<li><strong>Navegaci\u00f3n\/Mar\u00edtimos:\u00a0<\/strong><a href=\"mailto:navigazione.madrid@esteri.it\">navigazione.madrid@esteri.it<\/a><\/li>\n<\/ul>\n<ul>\n<li><strong>Oficina de Estudios\/Declaraciones de Valor<\/strong>:\u00a0<a href=\"mailto:scuole.madrid@esteri.it\">scuole.madrid@esteri.it<\/a><\/li>\n<\/ul>\n<ul>\n<li><strong>Oficina Notarial\/Apellidos y Nombres:\u00a0<\/strong><a href=\"mailto:notarile.madrid@esteri.it\">notarile.madrid@esteri.it<\/a><\/li>\n<\/ul>\n<ul>\n<li><strong>Pasaportes\/ETD:\u00a0<\/strong><a href=\"mailto:passaporti.madrid@esteri.it\">passaporti.madrid@esteri.it<\/a><\/li>\n<\/ul>\n<ul>\n<li><strong>Registro Civil<\/strong>\n<ul>\n<li>nacimientos\/matrimonios\/sentencias de divorcio:\u00a0<a href=\"mailto:madrid.statocivile@esteri.it\">madrid.statocivile@esteri.it<\/a><\/li>\n<li>publicaciones de matrimonio (edictos):\u00a0<a href=\"mailto:madrid.statocivile@esteri.it\">madrid.statocivile@esteri.it<\/a><\/li>\n<li>expedientes de capacidad matrimonial:\u00a0<a href=\"mailto:madrid.statocivile@esteri.it\">madrid.statocivile@esteri.it<\/a><\/li>\n<li>decesos:\u00a0<a href=\"mailto:sociale.madrid@esteri.it\">sociale.madrid@esteri.it<\/a><\/li>\n<\/ul>\n<\/li>\n<\/ul>\n<ul>\n<li><strong>Visados para la entrada de extranjeros a Italia<\/strong>:\u00a0<a href=\"mailto:visti.madrid@esteri.it\">visti.madrid@esteri.it<\/a><\/li>\n<\/ul>\n<ul>\n<li><strong>Otras cuestiones:\u00a0<\/strong><a href=\"mailto:info.madrid@esteri.it\">info.madrid@esteri.it<\/a><\/li>\n<\/ul>\n<p>&nbsp;<\/p>\n<p><strong>Para ver los contactos de las Oficinas Consulares Honorarias de la Jurisdicci\u00f3n \u00b7&gt; [<a href=\"https:\/\/consmadrid.esteri.it\/es\/chi-siamo\/la-rete-consolare\/\">haga clic aqu\u00ed<\/a>]<\/strong><\/p>\n<p>&nbsp;<\/p>\n<p><span style=\"text-decoration: underline;\"><strong>Emergencias<\/strong><\/span><\/p>\n<p>Para contactos en situaciones de emergencia <a href=\"https:\/\/consmadrid.esteri.it\/es\/chi-siamo\/numeri-di-emergenza\/\"><em><strong>pincha aqu\u00ed<\/strong><\/em><\/a><\/p>\n","protected":false},"excerpt":{"rendered":"Contactos del Consulado General de Italia en Madrid &#8211;\u00a0Correo postal: C\/ Agust\u00edn de Betancourt, 3 &#8211; 28003 Madrid &#8211;\u00a0Servicio de informaci\u00f3n sin costes a\u00f1adidos: (+34)\u00a0646.437.890\u00a0&#8211; Lunes, martes, mi\u00e9rcoles y jueves,de 12,00 a 13,00 horas &#8211;\u00a0Correo Electr\u00f3nico Certificado (Posta Elettronica Certificata &#8211; PEC): cons.madrid@cert.esteri.it &#8211; El correo PEC puede ser utilizado \u00fanicamente por otros usuarios que [&hellip;]","protected":false},"author":1,"featured_media":0,"parent":149,"menu_order":8,"comment_status":"closed","ping_status":"closed","template":"","meta":{"footnotes":""},"class_list":["post-153","page","type-page","status-publish","hentry"],"_links":{"self":[{"href":"https:\/\/consmadrid.esteri.it\/es\/wp-json\/wp\/v2\/pages\/153","targetHints":{"allow":["GET"]}}],"collection":[{"href":"https:\/\/consmadrid.esteri.it\/es\/wp-json\/wp\/v2\/pages"}],"about":[{"href":"https:\/\/consmadrid.esteri.it\/es\/wp-json\/wp\/v2\/types\/page"}],"author":[{"embeddable":true,"href":"https:\/\/consmadrid.esteri.it\/es\/wp-json\/wp\/v2\/users\/1"}],"replies":[{"embeddable":true,"href":"https:\/\/consmadrid.esteri.it\/es\/wp-json\/wp\/v2\/comments?post=153"}],"version-history":[{"count":7,"href":"https:\/\/consmadrid.esteri.it\/es\/wp-json\/wp\/v2\/pages\/153\/revisions"}],"predecessor-version":[{"id":5690,"href":"https:\/\/consmadrid.esteri.it\/es\/wp-json\/wp\/v2\/pages\/153\/revisions\/5690"}],"up":[{"embeddable":true,"href":"https:\/\/consmadrid.esteri.it\/es\/wp-json\/wp\/v2\/pages\/149"}],"wp:attachment":[{"href":"https:\/\/consmadrid.esteri.it\/es\/wp-json\/wp\/v2\/media?parent=153"}],"curies":[{"name":"wp","href":"https:\/\/api.w.org\/{rel}","templated":true}]}}