{"id":152,"date":"2023-04-03T19:15:47","date_gmt":"2023-04-03T17:15:47","guid":{"rendered":"https:\/\/consmadrid.esteri.it\/chi-siamo\/gli-uffici\/"},"modified":"2025-01-02T17:53:14","modified_gmt":"2025-01-02T16:53:14","slug":"gli-uffici","status":"publish","type":"page","link":"https:\/\/consmadrid.esteri.it\/es\/chi-siamo\/gli-uffici\/","title":{"rendered":"Las oficinas"},"content":{"rendered":"<p style=\"text-align: left;\" align=\"right\">El Consulado General de Italia en Madrid se encuenta ubicado en la siguiente direcci\u00f3n:<\/p>\n<p style=\"text-align: left;\" align=\"right\"><em><strong>Calle Agust\u00edn de Betancourt n. 3 &#8211; 28003 Madrid<\/strong><\/em><\/p>\n<ul>\n<li>Zona: Nuevos Ministerios &#8211; R\u00edos Rosas<\/li>\n<li>Metro:\u00a0L6, L9 y L10 &gt; Nuevos Ministerios &#8211; L1 &gt; R\u00edos Rosas (<a href=\"http:\/\/www.metromadrid.es\/\">www.metromadrid.es<\/a>)<\/li>\n<li>Autobuses: 5, 12, 27, 45 (<a href=\"http:\/\/www.emtmadrid.es\/\">www.emtmadrid.es<\/a>)<\/li>\n<li>Aparcamientos p\u00fablicos:\u00a0c\/R\u00edos Rosas 47 &#8211;\u00a0c\/Cristobal Bordi\u00f9, 51\u00a0&#8211; c\/Modesto Lafuente, 53<\/li>\n<\/ul>\n<p>&nbsp;<\/p>\n<p><span style=\"text-decoration: underline;\"><strong>Acceso a las ventanillas consulares<\/strong><\/span><\/p>\n<p>El acceso a las ventanillas est\u00e1 permitido \u00fanicamente previa reserva de cita a trav\u00e9s del nuevo portal\u00a0<a href=\"https:\/\/consmadrid.esteri.it\/es\/servizi-consolari-e-visti\/servizi-per-il-cittadino-italiano\/prenotmi-prenota-lappuntamento-online-2\/\"><strong>Prenot@Mi<\/strong><\/a>. Para facilitar las operaciones de acceso a las oficinas los usuarios deber\u00e1n acudir a la Canciller\u00eda Consular <strong>al menos diez minutos antes de la hora prevista\u00a0y con el\u00a0c\u00f3digo de reserva de cita impreso<\/strong>.<\/p>\n<p>Horario de las ventanillas\u00a0<strong>previa cita<\/strong>:<\/p>\n<ul>\n<li><strong>LUNES<\/strong>,<strong>\u00a0MARTES<\/strong>,<strong>\u00a0JUEVES<\/strong>\u00a0y\u00a0<strong>VIERNES\u00a0<\/strong>&#8211; de\u00a0<strong>9,3<\/strong><strong>0<\/strong>\u00a0a\u00a0<strong>13,00<\/strong><\/li>\n<li><strong>MI\u00c9RCOLES<\/strong>\u00a0por la tarde\u00a0&#8211; de\u00a0<strong>15,00<\/strong>\u00a0a\u00a0<strong>17,00<\/strong>\u00a0horas<\/li>\n<\/ul>\n<p>Se informa que por motivos de seguridad el acceso al Consulado General s\u00f3lo estar\u00e1 permitido a aquellas personas que tengan una cita previa o que se encuentren en una situaci\u00f3n de emergencia comprobada. Todos los que entren estar\u00e1n sujetos a controles de seguridad.<\/p>\n<p>&nbsp;<\/p>\n<p><span style=\"text-decoration: underline;\"><strong>D\u00edas festivos del Consulado General de Italia en Madrid para el a\u00f1o 2025<\/strong><\/span><\/p>\n<p>1\u00ba de enero \u2013 A\u00d1O NUEVO (mi\u00e9rcoles)<br \/>\n6 de enero \u2013 EPIFAN\u00cdA (lunes)<br \/>\n18 de abril \u2013 VIERNES SANTO (viernes)<br \/>\n1\u00ba de mayo \u2013 D\u00cdA DEL TRABAJO (jueves)<br \/>\n2 de junio \u2013 FIESTA NACIONAL ITALIANA (lunes)<br \/>\n15 de agosto \u2013 ASUNCI\u00d3N (viernes)<br \/>\n12 de octubre \u2013 FIESTA NACIONAL ESPA\u00d1OLA (domingo)<br \/>\n1\u00ba de noviembre \u2013 TODOS LOS SANTOS (s\u00e1bado)<br \/>\n8 de diciembre \u2013 INMACULADA CONCEPCI\u00d3N (lunes)<br \/>\n25 de diciembre \u2013 NAVIDAD (jueves)<br \/>\n26 de diciembre \u2013 SAN ESTEBAN (viernes)<\/p>\n<p>&nbsp;<\/p>\n<p><strong>Contactos con el Consulado General de Italia en Madrid \u00b7&gt; <\/strong>[<a href=\"https:\/\/consmadrid.esteri.it\/it\/chi-siamo\/contatti\">haga clic aqu\u00ed<\/a>]<\/p>\n","protected":false},"excerpt":{"rendered":"El Consulado General de Italia en Madrid se encuenta ubicado en la siguiente direcci\u00f3n: Calle Agust\u00edn de Betancourt n. 3 &#8211; 28003 Madrid Zona: Nuevos Ministerios &#8211; R\u00edos Rosas Metro:\u00a0L6, L9 y L10 &gt; Nuevos Ministerios &#8211; L1 &gt; R\u00edos Rosas (www.metromadrid.es) Autobuses: 5, 12, 27, 45 (www.emtmadrid.es) Aparcamientos p\u00fablicos:\u00a0c\/R\u00edos Rosas 47 &#8211;\u00a0c\/Cristobal Bordi\u00f9, 51\u00a0&#8211; [&hellip;]","protected":false},"author":1,"featured_media":0,"parent":149,"menu_order":6,"comment_status":"closed","ping_status":"closed","template":"","meta":{"footnotes":""},"class_list":["post-152","page","type-page","status-publish","hentry"],"_links":{"self":[{"href":"https:\/\/consmadrid.esteri.it\/es\/wp-json\/wp\/v2\/pages\/152","targetHints":{"allow":["GET"]}}],"collection":[{"href":"https:\/\/consmadrid.esteri.it\/es\/wp-json\/wp\/v2\/pages"}],"about":[{"href":"https:\/\/consmadrid.esteri.it\/es\/wp-json\/wp\/v2\/types\/page"}],"author":[{"embeddable":true,"href":"https:\/\/consmadrid.esteri.it\/es\/wp-json\/wp\/v2\/users\/1"}],"replies":[{"embeddable":true,"href":"https:\/\/consmadrid.esteri.it\/es\/wp-json\/wp\/v2\/comments?post=152"}],"version-history":[{"count":7,"href":"https:\/\/consmadrid.esteri.it\/es\/wp-json\/wp\/v2\/pages\/152\/revisions"}],"predecessor-version":[{"id":5089,"href":"https:\/\/consmadrid.esteri.it\/es\/wp-json\/wp\/v2\/pages\/152\/revisions\/5089"}],"up":[{"embeddable":true,"href":"https:\/\/consmadrid.esteri.it\/es\/wp-json\/wp\/v2\/pages\/149"}],"wp:attachment":[{"href":"https:\/\/consmadrid.esteri.it\/es\/wp-json\/wp\/v2\/media?parent=152"}],"curies":[{"name":"wp","href":"https:\/\/api.w.org\/{rel}","templated":true}]}}