{"id":150,"date":"2023-04-03T19:15:16","date_gmt":"2023-04-03T17:15:16","guid":{"rendered":"https:\/\/consmadrid.esteri.it\/chi-siamo\/il-console-generale\/"},"modified":"2024-07-31T17:35:02","modified_gmt":"2024-07-31T15:35:02","slug":"il-console-generale","status":"publish","type":"page","link":"https:\/\/consmadrid.esteri.it\/es\/chi-siamo\/il-console-generale\/","title":{"rendered":"El C\u00f3nsul General"},"content":{"rendered":"<h3>Spartaco Caldararo<\/h3>\n<p>&nbsp;<\/p>\n<p>Nacido en Catania el 22 de mayo de 1976.<\/p>\n<p><strong>EDUCACI\u00d3N<\/strong><\/p>\n<p>Licenciatura en Derecho, Universidad de Catania (2000)<\/p>\n<p>Curso de postgrado de especializaci\u00f3n en Comercio Internacional, ICE Roma (2002)<\/p>\n<p>M\u00e1ster en Relaciones Internacionales, Universidad de Bolonia (2024)<\/p>\n<p><strong>EXPERIENCIA PROFESIONAL<\/strong><\/p>\n<p>Tras superar el correspondiente concurso, ingres\u00f3 a la carrera diplom\u00e1tica en diciembre de 2002, asumiendo el cargo de Subjefe de Secretar\u00eda en la Direcci\u00f3n General de Cooperaci\u00f3n Econ\u00f3mica y Financiera Multilateral.<\/p>\n<p>En abril de 2006 fue trasladado a la Embajada de Italia en Ottawa con las funciones de Jefe de la Oficina Econ\u00f3mica y Comercial.<\/p>\n<p>Desde junio de 2010 hasta julio de 2013 fue C\u00f3nsul General de Italia en La Plata (Argentina)<\/p>\n<p>De regreso a Roma, en julio de 2013 asumi\u00f3 el cargo de Jefe de Secretar\u00eda de la Direcci\u00f3n General de Cooperaci\u00f3n al Desarrollo.<\/p>\n<p>Desde octubre de 2017 hasta diciembre de 2020 se desempe\u00f1\u00f3 en la Embajada de Italia en Ottawa como Primer Consejero (funcionario adjunto del Jefe de Misi\u00f3n)<\/p>\n<p>En diciembre de 2020 asumi\u00f3 el cargo de Jefe de Secretar\u00eda de la Direcci\u00f3n General de Recursos e Innovaci\u00f3n, para luego adquirir en 2022 el cargo de Jefe de Oficina II de la misma Direcci\u00f3n General, responsable de los movimientos internos y externos de todo el personal del Ministerio de Asuntos Exteriores y Cooperaci\u00f3n Internacional<\/p>\n<p>Desde el 1 de julio de 2024 es C\u00f3nsul General de Italia en Madrid<\/p>\n","protected":false},"excerpt":{"rendered":"Spartaco Caldararo &nbsp; Nacido en Catania el 22 de mayo de 1976. EDUCACI\u00d3N Licenciatura en Derecho, Universidad de Catania (2000) Curso de postgrado de especializaci\u00f3n en Comercio Internacional, ICE Roma (2002) M\u00e1ster en Relaciones Internacionales, Universidad de Bolonia (2024) EXPERIENCIA PROFESIONAL Tras superar el correspondiente concurso, ingres\u00f3 a la carrera diplom\u00e1tica en diciembre de 2002, [&hellip;]","protected":false},"author":1,"featured_media":0,"parent":149,"menu_order":0,"comment_status":"closed","ping_status":"closed","template":"","meta":{"footnotes":""},"class_list":["post-150","page","type-page","status-publish","hentry"],"_links":{"self":[{"href":"https:\/\/consmadrid.esteri.it\/es\/wp-json\/wp\/v2\/pages\/150","targetHints":{"allow":["GET"]}}],"collection":[{"href":"https:\/\/consmadrid.esteri.it\/es\/wp-json\/wp\/v2\/pages"}],"about":[{"href":"https:\/\/consmadrid.esteri.it\/es\/wp-json\/wp\/v2\/types\/page"}],"author":[{"embeddable":true,"href":"https:\/\/consmadrid.esteri.it\/es\/wp-json\/wp\/v2\/users\/1"}],"replies":[{"embeddable":true,"href":"https:\/\/consmadrid.esteri.it\/es\/wp-json\/wp\/v2\/comments?post=150"}],"version-history":[{"count":5,"href":"https:\/\/consmadrid.esteri.it\/es\/wp-json\/wp\/v2\/pages\/150\/revisions"}],"predecessor-version":[{"id":3733,"href":"https:\/\/consmadrid.esteri.it\/es\/wp-json\/wp\/v2\/pages\/150\/revisions\/3733"}],"up":[{"embeddable":true,"href":"https:\/\/consmadrid.esteri.it\/es\/wp-json\/wp\/v2\/pages\/149"}],"wp:attachment":[{"href":"https:\/\/consmadrid.esteri.it\/es\/wp-json\/wp\/v2\/media?parent=150"}],"curies":[{"name":"wp","href":"https:\/\/api.w.org\/{rel}","templated":true}]}}