{"id":149,"date":"2023-04-03T18:23:20","date_gmt":"2023-04-03T16:23:20","guid":{"rendered":"https:\/\/consmadrid.esteri.it\/chi-siamo\/"},"modified":"2026-02-09T12:20:49","modified_gmt":"2026-02-09T11:20:49","slug":"chi-siamo","status":"publish","type":"page","link":"https:\/\/consmadrid.esteri.it\/es\/chi-siamo\/","title":{"rendered":"Qui\u00e9nes somos"},"content":{"rendered":"<p>El Consulado General de Italia en Madrid est\u00e1 situado en el n\u00famero 3 de la calle Agust\u00edn de Betancourt, en el barrio de Chamber\u00ed, dentro de la zona denominada \u00abNuevos Ministerios\u00bb de la capital espa\u00f1ola.<\/p>\n<p>Establecido a partir del 1 de julio de 2024 con decreto interministerial n\u00fam. 5113\/650, de 12 de marzo de 2024 (que suprimi\u00f3 simult\u00e1neamente la Canciller\u00eda Consular de la Embajada de Italia en Madrid), el Consulado General incluye la siguiente jurisdicci\u00f3n territorial: las comunidades aut\u00f3nomas de Galicia, Asturias, Cantabria, Pa\u00eds Vasco, Navarra, La Rioja, de Castilla y Le\u00f3n, Castilla-La Mancha, de Madrid, de Andaluc\u00eda y de Extremadura; las ciudades aut\u00f3nomas de Ceuta y Melilla; las islas Chafarinas, las islas Alhucemas y el pe\u00f1\u00f3n de V\u00e9lez de la Gomera.<\/p>\n<p>Para obtener m\u00e1s informaci\u00f3n sobre los servicios prestados por el Consulado General, los invitamos a consultar las secciones correspondientes del sitio web.<\/p>\n","protected":false},"excerpt":{"rendered":"El Consulado General de Italia en Madrid est\u00e1 situado en el n\u00famero 3 de la calle Agust\u00edn de Betancourt, en el barrio de Chamber\u00ed, dentro de la zona denominada \u00abNuevos Ministerios\u00bb de la capital espa\u00f1ola. Establecido a partir del 1 de julio de 2024 con decreto interministerial n\u00fam. 5113\/650, de 12 de marzo de 2024 [&hellip;]","protected":false},"author":1,"featured_media":0,"parent":0,"menu_order":2,"comment_status":"closed","ping_status":"closed","template":"","meta":{"footnotes":""},"class_list":["post-149","page","type-page","status-publish","hentry"],"_links":{"self":[{"href":"https:\/\/consmadrid.esteri.it\/es\/wp-json\/wp\/v2\/pages\/149","targetHints":{"allow":["GET"]}}],"collection":[{"href":"https:\/\/consmadrid.esteri.it\/es\/wp-json\/wp\/v2\/pages"}],"about":[{"href":"https:\/\/consmadrid.esteri.it\/es\/wp-json\/wp\/v2\/types\/page"}],"author":[{"embeddable":true,"href":"https:\/\/consmadrid.esteri.it\/es\/wp-json\/wp\/v2\/users\/1"}],"replies":[{"embeddable":true,"href":"https:\/\/consmadrid.esteri.it\/es\/wp-json\/wp\/v2\/comments?post=149"}],"version-history":[{"count":6,"href":"https:\/\/consmadrid.esteri.it\/es\/wp-json\/wp\/v2\/pages\/149\/revisions"}],"predecessor-version":[{"id":6878,"href":"https:\/\/consmadrid.esteri.it\/es\/wp-json\/wp\/v2\/pages\/149\/revisions\/6878"}],"wp:attachment":[{"href":"https:\/\/consmadrid.esteri.it\/es\/wp-json\/wp\/v2\/media?parent=149"}],"curies":[{"name":"wp","href":"https:\/\/api.w.org\/{rel}","templated":true}]}}