{"id":1480,"date":"2023-11-23T18:09:03","date_gmt":"2023-11-23T17:09:03","guid":{"rendered":"https:\/\/consmadrid.esteri.it\/?page_id=1480"},"modified":"2025-04-21T17:48:44","modified_gmt":"2025-04-21T15:48:44","slug":"apellidos-y-nombres-cambio-correccion-anadido","status":"publish","type":"page","link":"https:\/\/consmadrid.esteri.it\/es\/servizi-consolari-e-visti\/servizi-per-il-cittadino-italiano\/stato-civile\/apellidos-y-nombres-cambio-correccion-anadido\/","title":{"rendered":"Solicitud de modificaci\u00f3n del nombre o del apellido"},"content":{"rendered":"<p>En el ordenamiento jur\u00eddico italiano, el cambio de nombre o la modificaci\u00f3n del apellido es una cuesti\u00f3n <strong>excepcional<\/strong>, por lo que las solicitudes pueden ser admitidas s\u00f3lo y exclusivamente en presencia de<strong> situaciones objetivamente relevantes<\/strong>, apoyadas por documentaci\u00f3n adecuada y significativa y por motivaciones s\u00f3lidas y significativas, como, por ejemplo, <strong>apellidos o nombres rid\u00edculos, vergonzosos o que revelen el origen natural<\/strong>. <strong>Los motivos deber\u00e1n expresarse detalladamente y documentarse adecuadamente<\/strong>.<\/p>\n<p><strong>En ning\u00fan caso<\/strong> podr\u00e1 solicitarse la <strong>atribuci\u00f3n de apellidos de importancia hist\u00f3rica<\/strong> o que en cualquier caso puedan inducir a error sobre la pertenencia del solicitante a familias ilustres o particularmente notorias en el lugar donde conste su acta de nacimiento o en su lugar de residencia.<\/p>\n<p>Se recuerda que la aceptaci\u00f3n de la solicitud queda a discreci\u00f3n de las Prefecturas y que <strong>es posible presentar la solicitud<\/strong>:<\/p>\n<ol>\n<li><strong>directamente en la Prefectura italiana competente para el territorio<\/strong>, sin pasar por este Consulado;<\/li>\n<li><strong>en este Consulado General en Madrid<\/strong>, <strong>presencialmente<\/strong> mediante <strong>cita previa<\/strong> a reservar a trav\u00e9s del portal Prenot@mi.<\/li>\n<\/ol>\n<p>El d\u00eda de la cita el solicitante deber\u00e1 presentar la siguiente documentaci\u00f3n:<\/p>\n<ul>\n<li>Formulario de solicitud (<a href=\"https:\/\/consmadrid.esteri.it\/wp-content\/uploads\/2025\/04\/Domanda-Cambiamento-COGNOME-e-o-NOME_maggiorenne.doc\">adulto<\/a> &#8211; <a href=\"https:\/\/consmadrid.esteri.it\/wp-content\/uploads\/2025\/04\/Domanda-Cambiamento-COGNOME-e-o-NOME_minorenne.doc\">menor<\/a>)<\/li>\n<li>Documento de identidad\/reconocimiento italiano (pasaporte o CIE);<\/li>\n<li>documento de identidad extranjero, si cuenta con otra ciudadan\u00eda;<\/li>\n<li>Acta de nacimiento extranjera expedida por las autoridades del lugar de nacimiento, traducida y legalizada con apostilla si no es espa\u00f1ola.<\/li>\n<li>Cualquier otra documentaci\u00f3n que respalde la solicitud.<\/li>\n<\/ul>\n<p>La Oficina se reserva el derecho de solicitar documentaci\u00f3n adicional, si fuera necesario, durante la cita.<\/p>\n","protected":false},"excerpt":{"rendered":"En el ordenamiento jur\u00eddico italiano, el cambio de nombre o la modificaci\u00f3n del apellido es una cuesti\u00f3n excepcional, por lo que las solicitudes pueden ser admitidas s\u00f3lo y exclusivamente en presencia de situaciones objetivamente relevantes, apoyadas por documentaci\u00f3n adecuada y significativa y por motivaciones s\u00f3lidas y significativas, como, por ejemplo, apellidos o nombres rid\u00edculos, vergonzosos [&hellip;]","protected":false},"author":5,"featured_media":0,"parent":171,"menu_order":8,"comment_status":"closed","ping_status":"closed","template":"","meta":{"footnotes":""},"class_list":["post-1480","page","type-page","status-publish","hentry"],"_links":{"self":[{"href":"https:\/\/consmadrid.esteri.it\/es\/wp-json\/wp\/v2\/pages\/1480","targetHints":{"allow":["GET"]}}],"collection":[{"href":"https:\/\/consmadrid.esteri.it\/es\/wp-json\/wp\/v2\/pages"}],"about":[{"href":"https:\/\/consmadrid.esteri.it\/es\/wp-json\/wp\/v2\/types\/page"}],"author":[{"embeddable":true,"href":"https:\/\/consmadrid.esteri.it\/es\/wp-json\/wp\/v2\/users\/5"}],"replies":[{"embeddable":true,"href":"https:\/\/consmadrid.esteri.it\/es\/wp-json\/wp\/v2\/comments?post=1480"}],"version-history":[{"count":7,"href":"https:\/\/consmadrid.esteri.it\/es\/wp-json\/wp\/v2\/pages\/1480\/revisions"}],"predecessor-version":[{"id":5787,"href":"https:\/\/consmadrid.esteri.it\/es\/wp-json\/wp\/v2\/pages\/1480\/revisions\/5787"}],"up":[{"embeddable":true,"href":"https:\/\/consmadrid.esteri.it\/es\/wp-json\/wp\/v2\/pages\/171"}],"wp:attachment":[{"href":"https:\/\/consmadrid.esteri.it\/es\/wp-json\/wp\/v2\/media?parent=1480"}],"curies":[{"name":"wp","href":"https:\/\/api.w.org\/{rel}","templated":true}]}}