{"id":1457,"date":"2023-11-23T17:39:11","date_gmt":"2023-11-23T16:39:11","guid":{"rendered":"https:\/\/consmadrid.esteri.it\/?page_id=1457"},"modified":"2025-05-16T14:13:56","modified_gmt":"2025-05-16T12:13:56","slug":"celebrar-matrimonio-en-italia-o-en-el-consulado","status":"publish","type":"page","link":"https:\/\/consmadrid.esteri.it\/es\/servizi-consolari-e-visti\/servizi-per-il-cittadino-italiano\/stato-civile\/celebrar-matrimonio-en-italia-o-en-el-consulado\/","title":{"rendered":"Celebrar matrimonio en Italia o en el Consulado"},"content":{"rendered":"<p>El matrimonio a celebrar en Italia est\u00e1 sujeto obligatoriamente a las publicaciones de matrimonio. El ciudadano italiano\u00a0<strong>residente en el extranjero e inscrito en el AIRE<\/strong>\u00a0(Anagrafe Italiani residenti all&#8217;Estero) que quiera contraer matrimonio en Italia deber\u00e1 contactar con la parroquia o municipio (seg\u00fan el tipo de ceremonia) y, posteriormente, solicitar las publicaciones a la Oficina Consular competente, que emitir\u00e1 una\u00a0<strong>\u00abdelega\u00bb<\/strong>\u00a0autorizando la celebraci\u00f3n del matrimonio religioso (p\u00e1rroco italiano) o civil (municipio italiano).<\/p>\n<p>El matrimonio puede celebrarse a partir del 4\u00ba d\u00eda y hasta 180 d\u00edas posteriores a la publicaci\u00f3n.<\/p>\n<p>Los\u00a0<strong>ciudadanos espa\u00f1oles<\/strong>\u00a0que quieran casarse en Italia con un ciudadano italiano residente in Italia deber\u00e1n consultar directamente con las Autoridades espa\u00f1olas y solicitar la capacidad matrimoniale al \u00abRegistro Civil\u00bb o Embajada de Espa\u00f1a competente (la Oficina Consular italiana no es competente en estos casos).<\/p>\n<p><strong>Importante<\/strong>:\u00a0la solicitud y la documentaci\u00f3n necesaria deber\u00e1 enviarse \u00fanica y exclusivamente <strong>por correo postal <\/strong>(<em>Consulado Genera del Italia &#8211; C\/ Agust\u00edn de Betancourt, 3 &#8211; 28003 Madrid<\/em>) <span style=\"text-decoration: underline;\"><strong>almenos 3 meses antes del matrimonio<\/strong><\/span>.<\/p>\n<p>Una vez finalizada la instrucci\u00f3n, los interesados \u200b\u200brecibir\u00e1n un correo electr\u00f3nico indicando la fecha en la que deber\u00e1n acudir personalmente al Consulado Genera de Madrid para firmar el acta de solicitud de publicaciones.<\/p>\n<p>Las publicaciones de matrimonio no pueden solicitarse en las oficinas consulares honorarias.<\/p>\n<p>En el caso de matrimonio concordatario (religioso), el documento de publicaci\u00f3n se entregar\u00e1 directamente a los interesados, quienes deber\u00e1n presentarlo al P\u00e1rroco.<\/p>\n<p>En caso de ceremonia civil, la Oficina Consular notificar\u00e1 directamente al Municipio italiano la publicaci\u00f3n del matrimonio.<\/p>\n<p>&nbsp;<\/p>\n<p><strong>\u00bfQu\u00e9 requisitos previos son responsabilidad del solicitante?<\/strong><\/p>\n<ul>\n<li>Actualizar la situaci\u00f3n del estado civil ante las autoridades italianas, verificando que los documentos relativos a\u00a0 matrimonio, nacimiento de hijos, divorcio, etc. que no hayan ocurrido en Italia ya hayan sido presentados a la Oficina Consular o al municipio correspondiente. Ver secci\u00f3n [<a href=\"https:\/\/consmadrid.esteri.it\/es\/servizi-consolari-e-visti\/servizi-per-il-cittadino-italiano\/stato-civile\/\">Registro Civil<\/a>].<\/li>\n<li>Comunicar cualquier cambio en su direcci\u00f3n de residencia a trav\u00e9s del portal [<a href=\"https:\/\/consmadrid.esteri.it\/es\/servizi-consolari-e-visti\/servizi-per-il-cittadino-italiano\/anagrafe-degli-italiani-residenti-allestero-aire\/\">FAST-IT<\/a>]<\/li>\n<\/ul>\n<p>&nbsp;<\/p>\n<p><span style=\"text-decoration: underline;\"><strong>Documentaci\u00f3n necesaria para las publicaciones de matrimonio<br \/>\n<\/strong><\/span><\/p>\n<p>LA DOCUMENTACI\u00d3N INDICADA CONCIERNE A AMBOS CONTRAYENTES, NO SOLO AL CIUDADANO ITALIANO<\/p>\n<ul>\n<li>Impreso de solicitud de publicaciones matrimoniales \u00b7&gt; [<strong><a href=\"https:\/\/consmadrid.esteri.it\/wp-content\/uploads\/2024\/08\/rich-pubblicaz-matrimonio-2024-ver-29.08.pdf\">descargar aqu\u00ed<\/a><\/strong>]<\/li>\n<\/ul>\n<p>Para el ciudadano\/a italiano\/a:<\/p>\n<ul>\n<li><strong>declaraci\u00f3n sustitutiva de certificaci\u00f3n de nacimiento<\/strong>, firmada por el\/la interesado\/a \u00b7&gt; [<strong><a href=\"https:\/\/consmadrid.esteri.it\/wp-content\/uploads\/2023\/11\/mod-autocertificazionenascita.pdf\">descargar aqu\u00ed<\/a><\/strong>]<\/li>\n<li><strong>fotocopia del documento de identidad italiano<br \/>\n<\/strong><\/li>\n<li><strong>en caso de divorcio<\/strong>: copia de la sentencia de divorcio firme en derecho y registrada por el Comune italiano competente, o copia del acta de nacimiento o de matrimonio italiana con anotaci\u00f3n de la disoluci\u00f3n del matrimonio<strong><br \/>\n<\/strong><\/li>\n<li><strong>recibo de ingreso bancario original\u00a0<\/strong>de la tasa consular de <strong>12,00 Euros<\/strong> (6,00 Euros para la exposici\u00f3n de las publicaciones + 6,00 Euros para el certificado de concluidas publicaciones) &#8211; el titular de la cuenta es: Consulado General de Italia en Madrid &#8211; IBAN ES08 <strong>0030 1126 4500 0155 4271<\/strong>\u00a0\u2013 BIC\/SWIFT:\u00a0<strong>BSCHESMM<\/strong> (Asunto: Publicaci\u00f3n de matrimonio + <em>nombre del solicitante<\/em>)<\/li>\n<\/ul>\n<p>Para el ciudadano\/a NO italiano\/a:<\/p>\n<ul>\n<li><strong>acta\/certificado de nacimiento original<\/strong>\u00a0(no copias) emitido por su Pa\u00eds, legalizado y traducido<\/li>\n<li><strong>fotocopia del documento de identidad extranjero<br \/>\n<\/strong><\/li>\n<li><strong>certificado de capacidad matrimonial original\u00a0<\/strong>(NO copias) emitido en virtud del Convenio de Monaco de 1980 exento de legalizaci\u00f3n y traducci\u00f3n (para <strong>ciudadanos espa\u00f1oles<\/strong> y de Pa\u00edses que han suscrito el Convenio). El certificado es v\u00e1lido 6 meses de la fecha de expedici\u00f3n.\n<ul>\n<li><strong>Los ciudadanos de los otros Pa\u00edses<\/strong> deber\u00e1n presentar una <strong>autorizaci\u00f3n al matrimonio original\u00a0<\/strong>(NO se admiten copias) emitido por su Pa\u00eds en los 6 meses anteriores, legalizado y traducido.<\/li>\n<\/ul>\n<\/li>\n<li><strong>certificado de residencia original<\/strong> (NO copias); en Espa\u00f1a vale el certificado de empadronamiento (se pide al municipio de residencia)<\/li>\n<\/ul>\n<p>&nbsp;<\/p>\n<p>Para ver las propias publicaciones de matrimonio en curso en el tabl\u00f3n de anuncios virtual de la p\u00e1gina web \u00b7&gt;\u00a0<strong>[<a href=\"https:\/\/consmadrid.esteri.it\/es\/servizi-consolari-e-visti\/servizi-per-il-cittadino-italiano\/altri-servizi\/pubblicazioni-albo-consolare\/\">haga clic aqu\u00ed<\/a>]<\/strong><\/p>\n<p>&nbsp;<\/p>\n<p><span style=\"text-decoration: underline;\"><strong>Legalizaciones y traducciones<\/strong><\/span><\/p>\n<p>En virtud del Convenio Bilateral entre Espa\u00f1a y la Rep\u00fablica Italiana (Ley n. 761\/1985 y BOE n. 124\/1986), la documentaci\u00f3n de estado civil emitida por uno de los dos Pa\u00edses est\u00e1 exenta de legalizaci\u00f3n, siempre que est\u00e9 firmada, fechada y sellada por un funcionario.<\/p>\n<p>Los certificados de estado civil emitidos por Pa\u00edses que han suscrito el Convenio de Viena del 8 de septiembre de 1976, que prev\u00e9 la emisi\u00f3n de un impreso pluriling\u00fce, est\u00e1n exentos de legalizaci\u00f3n y de traducci\u00f3n. Dichos Pa\u00edses son: Alemania, Austria, B\u00e9lgica, Bosnia-Erzegovina, Bulgaria, Croacia, Eslovenia, Espa\u00f1a, Estonia, Francia, Italia, Lituania, Luxemburgo, Macedonia, Moldavia, Montenegro, Pa\u00edses de Bajos, Polonia, Portugal, Romania, Serbia, Suiza y Turqu\u00eda.<\/p>\n<p>Los certificados y documentos emitidos por los dem\u00e1s Pa\u00edses est\u00e1n sujetos a traducci\u00f3n y legalizaci\u00f3n por medio de la \u00abApostilla de La Haya\u00bb (para los Pa\u00edses que han suscrito el Convenio de La Haya de 1961) o legalizaci\u00f3n equivalente.<\/p>\n<p><strong>No es necesario traducir la documentaci\u00f3n presentada en lengua espa\u00f1ola. Sin embargo la documentaci\u00f3n presentada en otros idiomas diferentes al italiano o al espa\u00f1ol deber\u00e1 estar acompa\u00f1ada por la correspondiente traducci\u00f3n jurada.<\/strong><\/p>\n<p>&nbsp;<\/p>\n<p><span style=\"text-decoration: underline;\"><strong>Matrimonio consular<\/strong><\/span><\/p>\n<p>El Jefe de la Oficina Consular puede celebrar excepcionalmente un matrimonio en los casos previstos por la Ley (art. 12 del D.Lgs. 71\/2011) siempre que no se opongan las leyes locales (como en el caso de Espa\u00f1a) o si las partes no residen en la jurisdicci\u00f3n consular.<\/p>\n<p>Los interesados deber\u00e1n enviar una solicitud formal explicando los motivos por los que desean celebrar dicho tipo de ceremonia. La solicitud puede enviarse por correo electr\u00f3nico al email <a href=\"mailto:madrid.statocivile@esteri.it\">madrid.statocivile@esteri.it<\/a>\u00a0y debe contener los datos personales, los datos de residencia y de nacionalidad de los interesados. En caso de que la solicitud de acepte se deber\u00e1n seguir las mismas normas que vigen para el matrimonio a celebrar en territorio italiano y, por tanto, se proceder\u00e1 a las\u00a0<strong>publicaciones o edictos matrimoniales<\/strong>.<\/p>\n<p>Si uno de los contrayentes es extranjero (es decir, no es italiano) junto a la solicitud de matrimonio consular se deber\u00e1 aportar obligatoriamente el \u00abnulla osta al matrimonio\u00bb (Art.116 del C\u00f3digo Civil italiano) debidamente legalizado y traducido al italiano, o bien el\u00a0\u201ccertificado de capacidad matrimonial\u201d expedido por las Autoridades competentes del Pa\u00eds de nacionalidad del\u00a0extranjero.<\/p>\n","protected":false},"excerpt":{"rendered":"El matrimonio a celebrar en Italia est\u00e1 sujeto obligatoriamente a las publicaciones de matrimonio. El ciudadano italiano\u00a0residente en el extranjero e inscrito en el AIRE\u00a0(Anagrafe Italiani residenti all&#8217;Estero) que quiera contraer matrimonio en Italia deber\u00e1 contactar con la parroquia o municipio (seg\u00fan el tipo de ceremonia) y, posteriormente, solicitar las publicaciones a la Oficina Consular [&hellip;]","protected":false},"author":5,"featured_media":0,"parent":171,"menu_order":5,"comment_status":"closed","ping_status":"closed","template":"","meta":{"footnotes":""},"class_list":["post-1457","page","type-page","status-publish","hentry"],"_links":{"self":[{"href":"https:\/\/consmadrid.esteri.it\/es\/wp-json\/wp\/v2\/pages\/1457","targetHints":{"allow":["GET"]}}],"collection":[{"href":"https:\/\/consmadrid.esteri.it\/es\/wp-json\/wp\/v2\/pages"}],"about":[{"href":"https:\/\/consmadrid.esteri.it\/es\/wp-json\/wp\/v2\/types\/page"}],"author":[{"embeddable":true,"href":"https:\/\/consmadrid.esteri.it\/es\/wp-json\/wp\/v2\/users\/5"}],"replies":[{"embeddable":true,"href":"https:\/\/consmadrid.esteri.it\/es\/wp-json\/wp\/v2\/comments?post=1457"}],"version-history":[{"count":7,"href":"https:\/\/consmadrid.esteri.it\/es\/wp-json\/wp\/v2\/pages\/1457\/revisions"}],"predecessor-version":[{"id":5912,"href":"https:\/\/consmadrid.esteri.it\/es\/wp-json\/wp\/v2\/pages\/1457\/revisions\/5912"}],"up":[{"embeddable":true,"href":"https:\/\/consmadrid.esteri.it\/es\/wp-json\/wp\/v2\/pages\/171"}],"wp:attachment":[{"href":"https:\/\/consmadrid.esteri.it\/es\/wp-json\/wp\/v2\/media?parent=1457"}],"curies":[{"name":"wp","href":"https:\/\/api.w.org\/{rel}","templated":true}]}}