{"id":1442,"date":"2023-11-23T17:18:14","date_gmt":"2023-11-23T16:18:14","guid":{"rendered":"https:\/\/consmadrid.esteri.it\/?page_id=1442"},"modified":"2025-10-08T15:14:56","modified_gmt":"2025-10-08T13:14:56","slug":"registrar-un-divorcio-2","status":"publish","type":"page","link":"https:\/\/consmadrid.esteri.it\/es\/servizi-consolari-e-visti\/servizi-per-il-cittadino-italiano\/stato-civile\/registrar-un-divorcio-2\/","title":{"rendered":"Registrar un divorcio"},"content":{"rendered":"<p>Las sentencias de divorcio pronunciadas en uno de los pa\u00edses de la Uni\u00f3n Europea\u00a0<strong>no son v\u00e1lidas de forma autom\u00e1tica en Italia<\/strong>, sino que se deben registrar en el Comune italiano (Municipio) donde est\u00e1 inscrita la partida del correspondiente matrimonio, con el fin de anotar al margen del mismo el divorcio.<\/p>\n<p>Para pedir el registro del divorcio la sentencia extranjera debe ser definitiva, es decir \u00abfirme en derecho\u00bb.<\/p>\n<p>***<\/p>\n<p><strong><span style=\"text-decoration: underline;\">TRIBUNALES DE LA UNI\u00d3N EUROPEA<\/span><br \/>\n<\/strong><\/p>\n<p><strong><span class=\"jCAhz ChMk0b\"><span class=\"ryNqvb\">Sentencias de divorcio dictadas en Pa\u00edses UE relativas a acciones propuestas <span style=\"text-decoration: underline;\">con posterioridad al 08\/01\/2022<\/span><\/span><\/span> <\/strong><\/p>\n<ul>\n<li>impreso de solicitud\/declaraci\u00f3n sustitutiva \u00b7&gt; [<a href=\"https:\/\/consmadrid.esteri.it\/wp-content\/uploads\/2024\/11\/mod-divorzio-ue-2024-ver-06.11.pdf\"><strong>descargar aqu\u00ed<\/strong><\/a>] &#8211; PDF ITA\/SPA<\/li>\n<li><span class=\"jCAhz ChMk0b\"><span class=\"ryNqvb\">certificado original contemplado en el art.<\/span><\/span>\u00a0<span class=\"jCAhz ChMk0b\"><span class=\"ryNqvb\">36, par. 1, letra a), Anexo II (Certificado sobre decisiones en materia matrimonial) del Reglamento UE n.<\/span><\/span>\u00a0<span class=\"jCAhz ChMk0b\"><span class=\"ryNqvb\">1111\/2019, de 25 de junio de 2019, emitido por el Juzgado que dict\u00f3 la sentencia<\/span><\/span><\/li>\n<li><span class=\"jCAhz ChMk0b\"><span class=\"ryNqvb\">en presencia de hijos menores, tambi\u00e9n el Certificado contemplado en el art.<\/span><\/span>\u00a0<span class=\"jCAhz ChMk0b\"><span class=\"ryNqvb\">36, par. 1, letra b), Anexo III (Certificado sobre decisiones sobre responsabilidad parental) del Reglamento UE n.<\/span><\/span>\u00a0<span class=\"jCAhz ChMk0b\"><span class=\"ryNqvb\">1111\/2019, de 25 de junio de 2019, emitido por el Juzgado que dict\u00f3 la sentencia<\/span><\/span><\/li>\n<li>fotocopia de un documento valido de reconocimiento del solicitante<\/li>\n<\/ul>\n<p><strong><span class=\"jCAhz ChMk0b\"><span class=\"ryNqvb\">Sentencias de divorcio dictadas en Pa\u00edses pertenecientes a la Uni\u00f3n Europea sobre acciones <span style=\"text-decoration: underline;\">propuestas desde el 01.03.2001 hasta el 31.07.2022<\/span><\/span><\/span> <\/strong><\/p>\n<ul>\n<li>impreso de solicitud\/declaraci\u00f3n sustitutiva \u00b7&gt; [<a href=\"https:\/\/consmadrid.esteri.it\/wp-content\/uploads\/2024\/11\/mod-divorzio-ue-2024-ver-06.11.pdf\"><strong>descargar aqu\u00ed<\/strong><\/a>] &#8211; PDF ITA\/SPA<\/li>\n<li><span class=\"jCAhz ChMk0b\"><span class=\"ryNqvb\">certificado original contemplado en el art.<\/span><\/span> <span class=\"jCAhz ChMk0b\"><span class=\"ryNqvb\">39, Anexo I (Decisiones en materia matrimonial) del Reglamento CE n.<\/span><\/span> <span class=\"jCAhz ChMk0b\"><span class=\"ryNqvb\">2201\/2003, de 27 de noviembre de 2003, emitido por el Juzgado que dict\u00f3 la sentencia<\/span><\/span><\/li>\n<li><span class=\"jCAhz ChMk0b\"><span class=\"ryNqvb\">en presencia de hijos menores, tambi\u00e9n el certificado original contemplado en el art\u00edculo 39, anexo II (Decisiones relativas a la responsabilidad parental) del Reglamento CE n. 2201\/2003, de 27 de noviembre de 2003, expedido por el Juzgado que dict\u00f3 la sentencia<\/span><\/span><\/li>\n<li><span class=\"jCAhz ChMk0b\"><span class=\"ryNqvb\">fotocopia de un documento de identificaci\u00f3n v\u00e1lido<\/span><\/span><\/li>\n<\/ul>\n<p><strong>Sentencias de divorcio emitidas en Pa\u00edses UE <span style=\"text-decoration: underline;\">antes del 01\/03\/2001<\/span>\u00a0<\/strong><\/p>\n<ul>\n<li>impreso de solicitud\/declaraci\u00f3n sustitutiva \u00b7&gt; [<strong><a href=\"https:\/\/consmadrid.esteri.it\/wp-content\/uploads\/2024\/11\/mod-divorzio-ue-2024-ver-06.11.pdf\">descargar aqu\u00ed<\/a><\/strong>] &#8211; PDF ITA\/SPA<\/li>\n<li>sentencia de divorcio\u00a0<strong>firme en derecho<\/strong>\u00a0y\u00a0<strong>legalizada<\/strong>\u00a0por las Autoridades competentes del Pa\u00eds de emisi\u00f3n &#8211; Apostilla de La Haya o legalizaci\u00f3n equivalente (exentos los Pa\u00edses UE)<\/li>\n<li>traducci\u00f3n \u00edntegra a la lengua italiana efectuada por un traductor jurado &#8211; para ver el listado de traductores oficiales con firma depositada en la Canciller\u00eda Consular de Madrid \u00b7&gt; [<a href=\"https:\/\/consmadrid.esteri.it\/es\/servizi-consolari-e-visti\/servizi-per-il-cittadino-italiano\/traduzione-e-legalizzazione-dei-documenti\/\"><strong>haga clic aqu\u00ed<\/strong><\/a>]<\/li>\n<li>fotocopia de un documento valido de reconocimiento del solicitante (pasaporte o carta d&#8217;identit\u00e0)<\/li>\n<\/ul>\n<p>***<\/p>\n<p><span style=\"text-decoration: underline;\"><strong>TRIBUNALES DE PA\u00cdSES NON PERTENECIENTES A LA UNI\u00d3N EUROPEA<\/strong><\/span><\/p>\n<ul>\n<li>impreso de solicitud y declaraci\u00f3n sustitutiva, en virtud del art. 64 Ley 218\/1995 \u00b7&gt; [<a href=\"https:\/\/consmadrid.esteri.it\/wp-content\/uploads\/2025\/10\/mod-divorzio-non-ue-2025-ver-08.10.pdf\">descargar aqu\u00ed<\/a>] &#8211; PDF ITA\/SPA<\/li>\n<li>sentencia de divorcio con el sello \u201cFirme en derecho\u201d, legalizada con la Apostilla de la Haya o, para Pa\u00edses no parte del Convenio, con legalizaci\u00f3n consular (Consulado de Italia en el lugar donde se emiti\u00f3 la sentencia). Siempre es necesario verificar las caracteristicas de la documentaci\u00f3n con el Consulado de Italia competente por el lugar de emisi\u00f3n de la sentencia, consultando el relativo sitio web. El procedimiento puede variar seg\u00fan el pa\u00eds donde se emiti\u00f3 el certificado, seg\u00fan los acuerdos vigentes con dicho pa\u00eds. Encuentre su consulado competente <a href=\"https:\/\/www.esteri.it\/it\/ministero\/struttura\/laretediplomatica\/\">aqu\u00ed<\/a>.<br \/>\nEjemplo: Para una sentencia emitida en Buenos Aires (Argentina), consulte el sitio web del Consulado General de Italia en Buenos Aires.<\/li>\n<li>traducci\u00f3n jurada de la sentencia con apostille o legalizaci\u00f3n consular de la firma del traductor<\/li>\n<\/ul>\n<p>***<\/p>\n<p><span style=\"text-decoration: underline;\"><strong>DIVORCIO CONSENSUAL ESTIPULADO EN ESPA\u00d1A ANTE NOTARIO<br \/>\n<\/strong><\/span><\/p>\n<p><strong>Divorcios registrado <span style=\"text-decoration: underline;\">a partir del 08.01.2022<\/span><\/strong><\/p>\n<ul>\n<li>impreso de solicitud\/declaraci\u00f3n sustitutiva \u00b7&gt; [<strong><a href=\"https:\/\/consmadrid.esteri.it\/wp-content\/uploads\/2024\/10\/mod-divorzio-ue-2024-ver-16.10.pdf\">descargar aqu\u00ed<\/a><\/strong>] &#8211; PDF ITA\/SPA<\/li>\n<li>Certificado contemplado en el art. 66, p\u00e1rrafo 1, letra a), Anexo VIII (Certificado relativo a un documento p\u00fablico o a un acuerdo sobre divorcio o separaci\u00f3n legal) del Reglamento UE n. 1111\/2019, de 25 de junio de 2019, emitido por el Notario que dict\u00f3 el divorcio;<\/li>\n<li>fotocopia de un documento de identidad v\u00e1lido del solicitante.<\/li>\n<\/ul>\n<p><strong>Divorcios registrado <span style=\"text-decoration: underline;\">hasta el 31.07.2022<\/span><\/strong><\/p>\n<ul>\n<li>impreso de solicitud\/declaraci\u00f3n sustitutiva \u00b7&gt; [<strong><a href=\"https:\/\/consmadrid.esteri.it\/wp-content\/uploads\/2024\/10\/mod-divorzio-ue-2024-ver-16.10.pdf\">descargar aqu\u00ed<\/a><\/strong>] &#8211; PDF ITA\/SPA<\/li>\n<li>Certificado exigido por el art. 39, Anexo I (Resoluciones en materia matrimonial) del Reglamento CE n\u00ba 2201\/2003, de 27 de noviembre de 2003, emitido por el Notario que dict\u00f3 el divorcio;<\/li>\n<li>fotocopia de un documento de identidad v\u00e1lido del solicitante.<\/li>\n<\/ul>\n<p>***<\/p>\n<p><strong><span style=\"text-decoration: underline;\">Modalidades de presentaci\u00f3n de las sentencias o de los acuerdos notariales<\/span><br \/>\n<\/strong><\/p>\n<ul>\n<li><span style=\"text-decoration: underline;\">Por correo postal<\/span>: en sobre cerrado dirigido al Consulado General de Italia, Calle Agust\u00edn de Betancourt n.3, 28003 Madrid (<span style=\"text-decoration: underline;\">no se admiten env\u00edos\u00a0por e-mail<\/span>)<\/li>\n<li><span style=\"text-decoration: underline;\">En alternativa<\/span>: la documentaci\u00f3n del divorcio extranjero puede ser presentada por el propio ciudadano al Comune donde se encuentra registrado el correspondiente matrimonio. Para este tr\u00e1mite se sugiere tomar contacto directo con la oficina del registro civil de dicho Comune (\u00abUfficio dello Stato Civile\u00bb)<\/li>\n<\/ul>\n","protected":false},"excerpt":{"rendered":"Las sentencias de divorcio pronunciadas en uno de los pa\u00edses de la Uni\u00f3n Europea\u00a0no son v\u00e1lidas de forma autom\u00e1tica en Italia, sino que se deben registrar en el Comune italiano (Municipio) donde est\u00e1 inscrita la partida del correspondiente matrimonio, con el fin de anotar al margen del mismo el divorcio. Para pedir el registro del [&hellip;]","protected":false},"author":5,"featured_media":0,"parent":171,"menu_order":3,"comment_status":"closed","ping_status":"closed","template":"","meta":{"footnotes":""},"class_list":["post-1442","page","type-page","status-publish","hentry"],"_links":{"self":[{"href":"https:\/\/consmadrid.esteri.it\/es\/wp-json\/wp\/v2\/pages\/1442","targetHints":{"allow":["GET"]}}],"collection":[{"href":"https:\/\/consmadrid.esteri.it\/es\/wp-json\/wp\/v2\/pages"}],"about":[{"href":"https:\/\/consmadrid.esteri.it\/es\/wp-json\/wp\/v2\/types\/page"}],"author":[{"embeddable":true,"href":"https:\/\/consmadrid.esteri.it\/es\/wp-json\/wp\/v2\/users\/5"}],"replies":[{"embeddable":true,"href":"https:\/\/consmadrid.esteri.it\/es\/wp-json\/wp\/v2\/comments?post=1442"}],"version-history":[{"count":8,"href":"https:\/\/consmadrid.esteri.it\/es\/wp-json\/wp\/v2\/pages\/1442\/revisions"}],"predecessor-version":[{"id":6363,"href":"https:\/\/consmadrid.esteri.it\/es\/wp-json\/wp\/v2\/pages\/1442\/revisions\/6363"}],"up":[{"embeddable":true,"href":"https:\/\/consmadrid.esteri.it\/es\/wp-json\/wp\/v2\/pages\/171"}],"wp:attachment":[{"href":"https:\/\/consmadrid.esteri.it\/es\/wp-json\/wp\/v2\/media?parent=1442"}],"curies":[{"name":"wp","href":"https:\/\/api.w.org\/{rel}","templated":true}]}}