{"id":1198,"date":"2023-11-23T15:58:33","date_gmt":"2023-11-23T14:58:33","guid":{"rendered":"https:\/\/consmadrid.esteri.it\/?page_id=1198"},"modified":"2026-03-04T12:55:58","modified_gmt":"2026-03-04T11:55:58","slug":"viajes-de-menores-no-acompanados-por-los-progenitores","status":"publish","type":"page","link":"https:\/\/consmadrid.esteri.it\/es\/servizi-consolari-e-visti\/servizi-per-il-cittadino-italiano\/viajes-de-menores-no-acompanados-por-los-progenitores\/","title":{"rendered":"Viajes de menores no acompa\u00f1ados por los progenitores"},"content":{"rendered":"<p><span style=\"text-decoration: underline;\"><strong>Menores entre 14 y 17 a\u00f1os (ambos inclusive)<\/strong><\/span><\/p>\n<p>A partir del 1 de septiembre de 2019, los ciudadanos espa\u00f1oles menores de edad que viajen solos o acompa\u00f1ados por personas que no sean los padres, o los representantes legales, deber\u00e1n viajar con una declaraci\u00f3n especial de acompa\u00f1amiento. Los menores extranjeros que residen en Espa\u00f1a deben presentar la documentaci\u00f3n requerida por la ley vigente en su pa\u00eds.\u00a0En base a la legislaci\u00f3n italiana, a partir de los 14 a\u00f1os es posible viajar sin acompa\u00f1ante.<\/p>\n<p>Para evitar inconvenientes debido a interpretaciones incorrectas, invitamos a los ciudadanos que planean el viaje de un hijo menor no acompa\u00f1ado, entre las edades de 14 y 17 a\u00f1os, a imprimir la siguiente declaraci\u00f3n antes de presentarse en el aeropuerto.<\/p>\n<p>Para descargar la declaraci\u00f3n \u00b7&gt; [<a href=\"https:\/\/consmadrid.esteri.it\/wp-content\/uploads\/2026\/03\/dichiarazione_minori.pdf\"><strong>haga clic aqu\u00ed<\/strong><\/a>] &#8211; PDF ITA\/SPA\/ENG<\/p>\n<p>&nbsp;<\/p>\n<p><span style=\"text-decoration: underline;\"><strong>Menores de 14 a\u00f1os<\/strong><\/span><\/p>\n<p>Los menores italianos, hasta cumplir los 14 a\u00f1os, pueden viajar tan s\u00f3lo con su documento de identidad\/pasaporte, sin necesidad de ning\u00fan otro tr\u00e1mite,\u00a0<strong>siempre y cuando est\u00e9n acompa\u00f1ados<\/strong>\u00a0por uno de los progenitores (o tutores legales). Si estos mismos menores, que todav\u00eda no han cumplido 14 a\u00f1os de edad, van a viajar\u00a0<strong>sin estar acompa\u00f1ados<\/strong>\u00a0por, al menos, uno de los progenitores (o tutores legales), deber\u00e1n contar con una inscripci\u00f3n especial en el pasaporte italiano o una declaraci\u00f3n de acompa\u00f1amiento.<\/p>\n<p>Los padres que ejercen la patria potestad, o quien ostenta la tutela, deber\u00e1n presentar una solicitud a la autoridad competente para la expedici\u00f3n del pasaporte que es, normalmente, la \u00abQuestura\u00bb o Consulado competente por el lugar de residencia del solicitante. Dicha solicitud contiene la indicaci\u00f3n del nombre de la persona (o personas), y\/o de la Entidad, con quien vaya a viajar el menor, solicitando que se anote en el pasaporte del menor o que se expida en una declaraci\u00f3n por separado.<\/p>\n<p>Para los residentes en la demarcaci\u00f3n territorial de Madrid la oficina responsable de la recepci\u00f3n de la solicitud a efectos de la inscripci\u00f3n en el pasaporte o la expedici\u00f3n de la certificaci\u00f3n de acompa\u00f1amiento es \u00fanicamente el <strong>Consulado General de Italia en Madrid<\/strong>.<\/p>\n<p>Para realizar este tr\u00e1mite es necesario presentar la siguiente documentaci\u00f3n:<\/p>\n<ul>\n<li>formulario de solicitud de declaraci\u00f3n de acompa\u00f1amiento rellenado y firmado \u00b7&gt; [<a href=\"https:\/\/consmadrid.esteri.it\/wp-content\/uploads\/2024\/08\/mod-minori14-autviaggio-2024-ver-28.08.pdf\"><strong>descargar aqu\u00ed<\/strong><\/a>] &#8211; PDF VARIOS IDIOMAS<\/li>\n<li>copia del documento de identidad que el menor utilizar\u00e1 para el viaje<\/li>\n<li>copia de los documentos de identidad de los progenitores (o de qui\u00e9n ejerza la tutela)<\/li>\n<li>copia de los documentos de identidad de los acompa\u00f1antes (si son personas f\u00edsicas)<\/li>\n<li>reserva o billete de viaje (con indicaci\u00f3n del itinerario y fechas)<\/li>\n<\/ul>\n<p>La solicitud puede presentarse:<\/p>\n<p>1)\u00a0<strong>Por e-mail<\/strong> a <a href=\"mailto:passaporti.madrid@esteri.it\">passaporti.madrid@esteri.it<\/a> (se ruega evitar env\u00edos demasiado voluminosos y fraccionados).<\/p>\n<p>2)\u00a0<strong>Por correo postal<\/strong> en forma de carta dirigida al Consulado General de Italia en Madrid, <em>Calle Agust\u00edn de Betancourt n. 3, 28003 Madrid<\/em>, adjuntando la documentaci\u00f3n indicada y un sobre de respuesta prepagado con la direcci\u00f3n privada para la devoluci\u00f3n de la declaraci\u00f3n.<strong>\u00a0<\/strong><\/p>\n<p>En caso de que uno de los progenitores no sea ciudadano de la UE, su firma puesta en la solicitud deber\u00e1 compulsarse en nuestras ventanillas (modalidad presencial y gratuita); en caso de env\u00edo por correo, dicha firma deber\u00e1 estar compulsada ante un C\u00f3nsul Honorario de Italia o bien ante un notario espa\u00f1ol. Los eventuales gastos de devoluci\u00f3n corren completamente a cargo de los interesados. La Oficina receptora podr\u00e1 exigir, en el inter\u00e9s superior del menor, la presencia f\u00edsica de las personas que ejercen la patria potestad. La declaraci\u00f3n es <strong>gratuita<\/strong> y normalmente es <strong>v\u00e1lida para un solo viaje<\/strong>. Se aconseja indicar en la solicitud unas fechas de viaje m\u00e1s amplias a las del viaje previsto, para evitar nuevas declaraciones de acompa\u00f1amiento en el caso de variaci\u00f3n\/cancelaci\u00f3n de vuelos. El per\u00edodo m\u00e1ximo de validez de la declaraci\u00f3n, dentro del cual deber\u00e1n estar incluidas las fechas de ida y vuelta, es de <strong>6 meses<\/strong>. En cualquier caso, la validez no podr\u00e1 exceder la fecha de caducidad del pasaporte del menor. En caso de que el menor sea confiado a una Empresa o una Instituci\u00f3n, no ser\u00e1 posible hacer la anotaci\u00f3n en el pasaporte y s\u00f3lo se podr\u00e1 emitir una declaraci\u00f3n de acompa\u00f1amiento.<\/p>\n<p>&nbsp;<\/p>\n<p><strong>IMPORTANTE:<\/strong><\/p>\n<ul>\n<li>Se ruega presentar la solicitud con bastante antelaci\u00f3n con respecto a la fecha del inicio del viaje<\/li>\n<li>Los gastos de devoluci\u00f3n de la declaraci\u00f3n de acompa\u00f1amiento son a cargo de los solicitantes \u2013 en caso de env\u00edo de la declaraci\u00f3n se aconseja de adjuntar un sobre prepagado. en alternativa pueden encargar la recogida a un servicio de mensajer\u00eda privada a su cargo<\/li>\n<\/ul>\n","protected":false},"excerpt":{"rendered":"Menores entre 14 y 17 a\u00f1os (ambos inclusive) A partir del 1 de septiembre de 2019, los ciudadanos espa\u00f1oles menores de edad que viajen solos o acompa\u00f1ados por personas que no sean los padres, o los representantes legales, deber\u00e1n viajar con una declaraci\u00f3n especial de acompa\u00f1amiento. Los menores extranjeros que residen en Espa\u00f1a deben presentar [&hellip;]","protected":false},"author":5,"featured_media":0,"parent":167,"menu_order":7,"comment_status":"closed","ping_status":"closed","template":"","meta":{"footnotes":""},"class_list":["post-1198","page","type-page","status-publish","hentry"],"_links":{"self":[{"href":"https:\/\/consmadrid.esteri.it\/es\/wp-json\/wp\/v2\/pages\/1198","targetHints":{"allow":["GET"]}}],"collection":[{"href":"https:\/\/consmadrid.esteri.it\/es\/wp-json\/wp\/v2\/pages"}],"about":[{"href":"https:\/\/consmadrid.esteri.it\/es\/wp-json\/wp\/v2\/types\/page"}],"author":[{"embeddable":true,"href":"https:\/\/consmadrid.esteri.it\/es\/wp-json\/wp\/v2\/users\/5"}],"replies":[{"embeddable":true,"href":"https:\/\/consmadrid.esteri.it\/es\/wp-json\/wp\/v2\/comments?post=1198"}],"version-history":[{"count":7,"href":"https:\/\/consmadrid.esteri.it\/es\/wp-json\/wp\/v2\/pages\/1198\/revisions"}],"predecessor-version":[{"id":6940,"href":"https:\/\/consmadrid.esteri.it\/es\/wp-json\/wp\/v2\/pages\/1198\/revisions\/6940"}],"up":[{"embeddable":true,"href":"https:\/\/consmadrid.esteri.it\/es\/wp-json\/wp\/v2\/pages\/167"}],"wp:attachment":[{"href":"https:\/\/consmadrid.esteri.it\/es\/wp-json\/wp\/v2\/media?parent=1198"}],"curies":[{"name":"wp","href":"https:\/\/api.w.org\/{rel}","templated":true}]}}