{"id":1183,"date":"2023-11-07T17:55:50","date_gmt":"2023-11-07T16:55:50","guid":{"rendered":"https:\/\/consmadrid.esteri.it\/?page_id=1183"},"modified":"2025-01-24T14:29:27","modified_gmt":"2025-01-24T13:29:27","slug":"servicios-consulares-over-75","status":"publish","type":"page","link":"https:\/\/consmadrid.esteri.it\/es\/servizi-consolari-e-visti\/servizi-per-il-cittadino-italiano\/servicios-consulares-over-75\/","title":{"rendered":"Servicios consulares over 70"},"content":{"rendered":"<p>Orientarse en los servicios consulares no es siempre f\u00e1cil y, a menudo, los tramites requieren familiaridad con la tecnolog\u00eda de la informaci\u00f3n. Si tiene m\u00e1s de 70 a\u00f1os y necesita ayuda para orientarse mejor sobre los servicios consulares que presta el Consulado General de Italia en Madrid, puede escribir a la siguiente direcci\u00f3n de correo electr\u00f3nico: <a href=\"mailto:madrid.over75@esteri.it\"><strong>madrid.over75@esteri.it<\/strong><\/a>. Puede realizar una consulta y, si lo desea, comunicar un n\u00famero de tel\u00e9fono para que podemos llamarla y asistirla a distancia.<\/p>\n<p><strong>El servicio se refiere \u00fanicamente a la informaci\u00f3n sobre los servicios consulares destinados a las italianas y los italianos mayores de 70 a\u00f1os.<\/strong><\/p>\n<p>Para obtener informaci\u00f3n sobre el procedimiento de verificaci\u00f3n de permanencia en vida para la\u00a0<strong>pension<\/strong>, consulte la p\u00e1gina siguiente \u00b7&gt; [<a href=\"https:\/\/consmadrid.esteri.it\/es\/servizi-consolari-e-visti\/servizi-per-il-cittadino-italiano\/pensioni-e-sicurezza-sociale\/campagna-verifica-esistenza-in-vita\/\"><strong>haga clic aqu\u00ed<\/strong><\/a>]<\/p>\n<p>&nbsp;<\/p>\n","protected":false},"excerpt":{"rendered":"Orientarse en los servicios consulares no es siempre f\u00e1cil y, a menudo, los tramites requieren familiaridad con la tecnolog\u00eda de la informaci\u00f3n. Si tiene m\u00e1s de 70 a\u00f1os y necesita ayuda para orientarse mejor sobre los servicios consulares que presta el Consulado General de Italia en Madrid, puede escribir a la siguiente direcci\u00f3n de correo [&hellip;]","protected":false},"author":5,"featured_media":0,"parent":167,"menu_order":19,"comment_status":"closed","ping_status":"closed","template":"","meta":{"footnotes":""},"class_list":["post-1183","page","type-page","status-publish","hentry"],"_links":{"self":[{"href":"https:\/\/consmadrid.esteri.it\/es\/wp-json\/wp\/v2\/pages\/1183","targetHints":{"allow":["GET"]}}],"collection":[{"href":"https:\/\/consmadrid.esteri.it\/es\/wp-json\/wp\/v2\/pages"}],"about":[{"href":"https:\/\/consmadrid.esteri.it\/es\/wp-json\/wp\/v2\/types\/page"}],"author":[{"embeddable":true,"href":"https:\/\/consmadrid.esteri.it\/es\/wp-json\/wp\/v2\/users\/5"}],"replies":[{"embeddable":true,"href":"https:\/\/consmadrid.esteri.it\/es\/wp-json\/wp\/v2\/comments?post=1183"}],"version-history":[{"count":5,"href":"https:\/\/consmadrid.esteri.it\/es\/wp-json\/wp\/v2\/pages\/1183\/revisions"}],"predecessor-version":[{"id":5214,"href":"https:\/\/consmadrid.esteri.it\/es\/wp-json\/wp\/v2\/pages\/1183\/revisions\/5214"}],"up":[{"embeddable":true,"href":"https:\/\/consmadrid.esteri.it\/es\/wp-json\/wp\/v2\/pages\/167"}],"wp:attachment":[{"href":"https:\/\/consmadrid.esteri.it\/es\/wp-json\/wp\/v2\/media?parent=1183"}],"curies":[{"name":"wp","href":"https:\/\/api.w.org\/{rel}","templated":true}]}}