{"id":1167,"date":"2023-11-23T15:37:31","date_gmt":"2023-11-23T14:37:31","guid":{"rendered":"https:\/\/consmadrid.esteri.it\/?page_id=1167"},"modified":"2025-03-07T11:43:08","modified_gmt":"2025-03-07T10:43:08","slug":"acta-de-consentimiento-decreto-consular-para-pasaporte-o-carta-didentita","status":"publish","type":"page","link":"https:\/\/consmadrid.esteri.it\/es\/servizi-consolari-e-visti\/servizi-per-il-cittadino-italiano\/acta-de-consentimiento-decreto-consular-para-pasaporte-o-carta-didentita\/","title":{"rendered":"Acta de consentimiento &#8211; Decreto consular (para pasaporte o carta d&#8217;identit\u00e0)"},"content":{"rendered":"<p><span style=\"text-decoration: underline;\"><strong>ACTA DE CONSENTIMIENTO<\/strong><\/span><\/p>\n<p>En el formulario de solicitud de pasaporte o carta de identidad el solicitante\u00a0<strong>debe indicar obligatoriamente si tiene o no hijos menores<\/strong>, tanto si los mismos son convivientes como si no.<\/p>\n<p>De conformidad con el Decreto Legislativo 69\/2023, a partir del 14 de junio de 2023\u00a0<strong>ya no ser\u00e1 necesario que los padres de hijos menores presenten el acto de consentimiento del otro progenitor<\/strong>\u00a0a efectos de la expedici\u00f3n de su documento de identidad (pasaporte y CIE).<\/p>\n<p>En concreto, el nuevo art\u00edculo 3-bis de la Ley 1185\/1967 indica que, cuando exista un peligro concreto y actual de que por el traslado al extranjero \u00e9ste pueda incumplir sus obligaciones hacia sus hijos, el otro progenitor podr\u00e1 solicitar una orden judicial para emitir el documento.<\/p>\n<p>La solicitud podr\u00e1 presentarse ante el juez competente del Juzgado ordinario en que el menor tenga su residencia habitual o, si el menor reside en el extranjero, el Juzgado en cuyo distrito est\u00e9 ubicado su municipio registrado en el AIRE.<\/p>\n<p><strong>No ha sido introducido ning\u00fan cambio en la legislaci\u00f3n relativa a la expedici\u00f3n del pasaporte\/carta d&#8217;identit\u00e0 a favor de menores de edad; por tanto, seguir\u00e1 siendo necesario el consentimiento de ambos padres para la expedici\u00f3n del documento a favor de dichos menores.<\/strong><\/p>\n<p>Los formularios de solicitud de pasaporte y carta d&#8217;identit\u00e0 para menores ya llevan adjunto el documento de consentimiento. En el caso de hijos de diferentes padres, se deber\u00e1 presentar un acta de consentimiento por cada uno de los hijos. La escritura de consentimiento tiene una validez de seis meses desde su firma. Para firmar proceda de la siguiente manera:<\/p>\n<p>\u2022\u00a0<strong>Progenitor ciudadano de un pa\u00eds de la Uni\u00f3n Europea &#8211; <\/strong>El consentimiento ya firmado, junto a una copia de un documento de identidad expedido por un pa\u00eds comunitario, se puede presentar junto con la solicitud de expedici\u00f3n del pasaporte o carta de identidad. Si el otro progenitor <strong>no convive con la persona solicitante<\/strong>, puede enviar directamente, por correo postal o email, el consentimiento y copia de su documento de identidad<strong>.<\/strong><\/p>\n<p>\u2022\u00a0<strong>Progenitor ciudadano de un tercer pa\u00eds NO comunitario &#8211;\u00a0 <\/strong>La firma en el acta de consentimiento debe estar compulsada. Este tr\u00e1mite puede realizarse en el momento de la presentaci\u00f3n de la solicitud ante el Consulado General de Italia en Madrid, ante un Consulado Honorario o ante Notario. Si la persona reside en Italia o en el extranjero, la firma se puede compulsar ante la \u00abQuestura\u00bb o ante el Consulado de referencia, que luego lo enviar\u00e1n a la Oficina de pasaportes de Madrid.<\/p>\n<p><strong>Impreso \u00fanico de acta de consentimiento<\/strong> \u00b7&gt; [<a href=\"https:\/\/consmadrid.esteri.it\/wp-content\/uploads\/2024\/09\/mod-assenso-2024-ver-28.08.pdf\"><strong>descargar aqu\u00ed<\/strong><\/a>]<\/p>\n<p><strong>Documento de consentimiento destinado a otra Oficina: <\/strong>la autenticaci\u00f3n de la firma en el documento de consentimiento para la emisi\u00f3n de un pasaporte\/CIE en una oficina distinta de este Consulado General (Jefatura de Polic\u00eda, Comisar\u00edas de Polic\u00eda, Municipios en Italia y otros Consulados y Embajadas italianas) se puede solicitar todos los mi\u00e9rcoles, de 15:00 a 16:30 horas, y requiere el pago de una tasa consular de 20,00 euros (art. 19 de la tasa consular) &gt; \u00b7&gt; [<a href=\"https:\/\/www.esteri.it\/it\/servizi-consolari-e-visti\/normativa_consolare\/tariffa-consolare\/\">haga clic aqu\u00ed para ver la tarifa<\/a>]<\/p>\n<p>Ser\u00e1 necesario:<\/p>\n<ul>\n<li>un documento de identidad v\u00e1lido;<\/li>\n<li>formulario completo, sin firmar &gt; [<a href=\"https:\/\/consmadrid.esteri.it\/wp-content\/uploads\/2024\/09\/mod-assenso-2024-ver-28.08.pdf\">descargar aqu\u00ed<\/a>]<\/li>\n<li>indicaci\u00f3n de la Oficina a la que se destina el documento de consentimiento.<\/li>\n<\/ul>\n<p><strong>El pago se realiza <\/strong>en la ventanilla <strong>del Consulado en Madrid <\/strong>mediante TPV con tarjetas de d\u00e9bito emitidas en pa\u00edses de la UE.\u00a0Queda excluido el pago con tarjetas pertenecientes a circuitos internacionales y el pago en efectivo.<\/p>\n<p>&nbsp;<\/p>\n<p><span style=\"text-decoration: underline;\"><strong>Casos de exenci\u00f3n del acta de consentimiento<\/strong><\/span><\/p>\n<p>&#8211; Fallecimiento de uno de los progenitores. En este caso es necesario adjuntar a la solicitud copia del certificado de defunci\u00f3n. Adem\u00e1s, si el deceso no est\u00e1 registrado en Italia, es necesario solicitar su registro.<\/p>\n<p>&#8211; Sentencia italiana o extranjera (en este caso solo cuando un juez haya declarado su posibilidad de ejecuci\u00f3n en Italia) que atribuye la patria potestad de forma exclusiva al progenitor solicitante. No se consideran como v\u00e1lidas las sentencias que otorguen s\u00f3lo la guarda y custodia o las sentencias extranjeras que no tengan car\u00e1cter ejecutivo en Italia<\/p>\n<p>&#8211; Contar con una autorizaci\u00f3n para la expedici\u00f3n del pasaporte\/carta de identidad SIN consentimiento, que deber\u00e1 solicitarse a la autoridad competente por el lugar de residencia del menor (incluso si la residencia del menor es diferente al lugar de residencia del progenitor que solicita el pasaporte)<\/p>\n<ul>\n<li>Para menores residentes en Italia en un\u00a0<strong>Tribunal<\/strong>\u00a0(por jurisdicci\u00f3n voluntaria) &#8211; para ver la p\u00e1gina web del Ministero della Giustizia italiano \u00b7&gt; [<a href=\"https:\/\/www.giustizia.it\/giustizia\/it\/mg_4.page\"><strong>haga clic aqu\u00ed<\/strong><\/a>]<\/li>\n<\/ul>\n<ul>\n<li>Para menores residentes en el extranjero en la\u00a0<strong>Representaci\u00f3n diplom\u00e1tico\/consular competente<\/strong>\u00a0&#8211; para ver la red diplom\u00e1tica en el extranjero \u00b7&gt; [<a href=\"https:\/\/www.esteri.it\/it\/ministero\/struttura\/laretediplomatica\/\"><strong>haga clic aqu\u00ed<\/strong><\/a>] (sitio web disponible en italiano o en ingl\u00e9s)<\/li>\n<\/ul>\n<p>Si el menor reside en la circunscripci\u00f3n consular de\u00a0<strong>Madrid<\/strong>, pueden solicitar dicha autorizaci\u00f3n siguiendo las indicaciones que se detallan a continuaci\u00f3n.<\/p>\n<p>&nbsp;<\/p>\n<p><span style=\"text-decoration: underline;\"><strong>DECRETO CONSULAR DE AUTORIZACI\u00d3N (para la expedici\u00f3n de pasaporte o carta de identidad):<\/strong><\/span><\/p>\n<p>Si no logra conseguir que el otro progenitor firme el consentimiento para la expedici\u00f3n del documento, el solicitante puede iniciar un tr\u00e1mite para obtener una autorizaci\u00f3n por parte del juez tutelar italiano competente (v\u00e9ase las indicaciones arriba), previo estudio de los motivos de la negativa del otro progenitor, las condiciones sociales y psicol\u00f3gicas del menor, la atribuci\u00f3n de la patria potestad, guarda y custodia, las obligaciones civiles impuestas a los progenitores (obligaciones econ\u00f3micas), etc.<\/p>\n<p>Si el hijo menor reside en la circunscripci\u00f3n consular de Madrid, la persona interesada puede solicitar el decreto consular de autorizaci\u00f3n al Jefe de la Oficina Consular, investido de la funci\u00f3n de juez tutelar. A continuaci\u00f3n se detalla la documentaci\u00f3n que se debe presentar, junto a la solicitud de [<a href=\"https:\/\/consmadrid.esteri.it\/es\/servizi-consolari-e-visti\/servizi-per-il-cittadino-italiano\/passaporti-e-carte-didentita\/\"><strong>pasaporte<\/strong><\/a>] o [<a href=\"https:\/\/consmadrid.esteri.it\/es\/servizi-consolari-e-visti\/servizi-per-il-cittadino-italiano\/carta-didentita-electronica-cie\/\"><strong>carta d&#8217;identit\u00e0<\/strong><\/a>]:<\/p>\n<ul>\n<li>impreso de solicitud \u00b7&gt; [<a href=\"https:\/\/consmadrid.esteri.it\/wp-content\/uploads\/2024\/08\/rich-decretoconsolarepassapecic-sp-2024-ver-28.08.pdf\"><strong>descargar aqu\u00ed<\/strong><\/a>]<\/li>\n<li>copia de la sentencia de divorcio o separaci\u00f3n o copia del auto que decreta la guarda y custodia de los menores<\/li>\n<li>justificante del env\u00edo realizado por correo certificado con acuse de recibo, dirigido al \u00faltimo domicilio conocido del otro progenitor, solicitando la firma del acta de consentimiento<\/li>\n<li>documentaci\u00f3n que compruebe que se est\u00e1n cumpliendo las obligaciones paternofiliales, incluido el pago de las prestaciones establecidas por el juez<\/li>\n<li><span class=\"jCAhz ChMk0b\"><span class=\"ryNqvb\">recibo del pago o transferencia de la tasa de 11,00 \u20ac a la cuenta corriente del Banco Santander (IBAN: ES08 0030 1126 4500 0155 4271 \u2013 C\u00f3digo BIC\/SWIFT: BSCHESMM; asunto: \u201cdecreto consular + <em>nombre del solicitante<\/em>\u201d).<\/span><\/span><\/li>\n<\/ul>\n<p>La autoridad consular, en la fase de instrucci\u00f3n, podr\u00e1 programar una audiencia entre las partes, incluso a distancia, y solicitar documentaci\u00f3n adicional. Si se comprueba que los motivos que subyacen a la negativa de la firma del consentimiento no est\u00e1n justificados, el Jefe de la Oficina Consular, primando el inter\u00e9s superior del menor, podr\u00e1 adoptar un decreto que autorice la expedici\u00f3n del pasaporte\/carta de identidad (siempre y cuando no existan otras causas que no lo permitan).<\/p>\n<p>La expedici\u00f3n del decreto consular requiere una tasa adicional de 11 \u20ac, cuyo pago ser\u00e1 solicitado por la oficina competente al finalizar la instrucci\u00f3n.<\/p>\n<p>Este procedimiento reviste un\u00a0<strong>car\u00e1cter excepcional<\/strong>\u00a0y, por lo tanto, se puede emplear s\u00f3lo en aquellos supuestos de absoluta imposibilidad para la obtenci\u00f3n del consentimiento por parte del otro progenitor. Se subraya, adem\u00e1s, que debido a la complejidad de la instrucci\u00f3n y al estudio de los motivos alegados por las partes, los tiempos para la expedici\u00f3n del pasaporte\/carta de identidad pueden alargarse de forma considerable.<\/p>\n","protected":false},"excerpt":{"rendered":"ACTA DE CONSENTIMIENTO En el formulario de solicitud de pasaporte o carta de identidad el solicitante\u00a0debe indicar obligatoriamente si tiene o no hijos menores, tanto si los mismos son convivientes como si no. De conformidad con el Decreto Legislativo 69\/2023, a partir del 14 de junio de 2023\u00a0ya no ser\u00e1 necesario que los padres de [&hellip;]","protected":false},"author":5,"featured_media":0,"parent":167,"menu_order":5,"comment_status":"closed","ping_status":"closed","template":"","meta":{"footnotes":""},"class_list":["post-1167","page","type-page","status-publish","hentry"],"_links":{"self":[{"href":"https:\/\/consmadrid.esteri.it\/es\/wp-json\/wp\/v2\/pages\/1167","targetHints":{"allow":["GET"]}}],"collection":[{"href":"https:\/\/consmadrid.esteri.it\/es\/wp-json\/wp\/v2\/pages"}],"about":[{"href":"https:\/\/consmadrid.esteri.it\/es\/wp-json\/wp\/v2\/types\/page"}],"author":[{"embeddable":true,"href":"https:\/\/consmadrid.esteri.it\/es\/wp-json\/wp\/v2\/users\/5"}],"replies":[{"embeddable":true,"href":"https:\/\/consmadrid.esteri.it\/es\/wp-json\/wp\/v2\/comments?post=1167"}],"version-history":[{"count":7,"href":"https:\/\/consmadrid.esteri.it\/es\/wp-json\/wp\/v2\/pages\/1167\/revisions"}],"predecessor-version":[{"id":5425,"href":"https:\/\/consmadrid.esteri.it\/es\/wp-json\/wp\/v2\/pages\/1167\/revisions\/5425"}],"up":[{"embeddable":true,"href":"https:\/\/consmadrid.esteri.it\/es\/wp-json\/wp\/v2\/pages\/167"}],"wp:attachment":[{"href":"https:\/\/consmadrid.esteri.it\/es\/wp-json\/wp\/v2\/media?parent=1167"}],"curies":[{"name":"wp","href":"https:\/\/api.w.org\/{rel}","templated":true}]}}