{"id":1110,"date":"2023-10-16T15:32:06","date_gmt":"2023-10-16T13:32:06","guid":{"rendered":"https:\/\/consmadrid.esteri.it\/?page_id=1110"},"modified":"2025-01-10T10:45:04","modified_gmt":"2025-01-10T09:45:04","slug":"inscripcion-en-el-aire-para-menores-y-recien-nacidos","status":"publish","type":"page","link":"https:\/\/consmadrid.esteri.it\/es\/servizi-consolari-e-visti\/servizi-per-il-cittadino-italiano\/anagrafe-degli-italiani-residenti-allestero-aire\/inscripcion-en-el-aire-para-menores-y-recien-nacidos\/","title":{"rendered":"Inscripci\u00f3n en el AIRE para menores y reci\u00e9n nacidos"},"content":{"rendered":"<p>Existen principalmente tres casos:<\/p>\n<p><span style=\"text-decoration: underline;\">Inscripci\u00f3n AIRE de un menor que vive <strong>con ambos progenitores<\/strong> <\/span>&#8211; Se solicita la inscripci\u00f3n leyendo la secci\u00f3n C\u00f3mo inscribirse en el AIRE. Es obligatorio cargar: los documentos de todo el n\u00facleo familiar, las pruebas de residencia de todo el n\u00facleo familiar. Es suficiente un solo formulario para toda la familia con las firmas de ambos progenitores.<\/p>\n<p><span style=\"text-decoration: underline;\">Inscripci\u00f3n A.I.R.E. de un menor que convive <strong>con un solo progenitor <\/strong><\/span>&#8211; Siendo obligatorio por ley el consentimiento del progenitor no conviviente, aunque sea extranjero, las solicitudes de inscripci\u00f3n en el AIRE de un menor conviviente con un solo progenitor se realiza de forma excepcional por correo postal. Formulario de inscripci\u00f3n A.I.R.E. de un menor conviviente con un solo progenitor \u00b7&gt; [<a href=\"https:\/\/consmadrid.esteri.it\/wp-content\/uploads\/2024\/08\/rich-aire-minori-sono-un-genitore_it-2024-ver-27.08-1.pdf\"><strong>descargar aqu\u00ed<\/strong><\/a>] (impreso \u00fanico solo en lengua italiana) &#8211; La solicitud de inscripci\u00f3n\/variaci\u00f3n A.I.R.E. de un menor no conviviente con ambos progenitores <strong>tiene que ser firmada por los adultos que ejercen la patria potestad sobre el menor y es necesario adjuntar copia de los documentos de identidad de los progenitores que firman y una prueba de residencia. <\/strong>A falta de la expresi\u00f3n de la voluntad de ambos progenitores, la hoja de consentimiento tendr\u00e1 que adjuntarse igualmente a la solicitud explicando las razones de la falta del mismo. El consentimiento tiene que ser actual, es decir no puede tener m\u00e1s de 6 meses desde la firma.\u00a0En caso de que el interesado no pueda facilitar el consentimiento del otro progenitor, por ejemplo por fallecimiento del otro progenitor o por tener la patria potestad exclusiva o bien por estar reconocido s\u00f3lo por un progenitor, ser\u00e1 necesario adjuntar pruebas documentales de la situaci\u00f3n declarada. En caso de que el interesado simplemente indique la imposibilidad de obtener el consentimiento por parte del otro progenitor, por ejemplo en caso de que \u00e9ste no sea localizable, ser\u00e1 necesario indicar los \u00faltimos datos conocidos sobre donde podr\u00eda ser potencialmente localizado, es decir, no s\u00f3lo la \u00faltima residencia conocida, sino tambi\u00e9n contactos de tel\u00e9fono o correo electr\u00f3nico.<\/p>\n<p><span style=\"text-decoration: underline;\">Inscripci\u00f3n A.I.R.E. de un <strong>reci\u00e9n nacid<\/strong>o<\/span> &#8211; Si un reci\u00e9n nacido nace en Espa\u00f1a y residir\u00e1 en el extranjero con ambos progenitores o con un solo progenitor, tanto si es italiano o extranjero, la inscripci\u00f3n en el A.I.R.E. del reci\u00e9n nacido se realizar\u00e1 autom\u00e1ticamente con la solicitud de transcripci\u00f3n de nacimiento sin necesidad de presentar una inscripci\u00f3n A.I.R.E; es suficiente s\u00f3lo la solicitud de transcripci\u00f3n de nacimiento.\u00a0Para acceder a la secci\u00f3n de transcripci\u00f3n de nacimiento \u00b7&gt; [<strong><a href=\"https:\/\/consmadrid.esteri.it\/es\/servizi-consolari-e-visti\/servizi-per-il-cittadino-italiano\/stato-civile\/\">haga clic aqu\u00ed<\/a><\/strong>]<\/p>\n","protected":false},"excerpt":{"rendered":"Existen principalmente tres casos: Inscripci\u00f3n AIRE de un menor que vive con ambos progenitores &#8211; Se solicita la inscripci\u00f3n leyendo la secci\u00f3n C\u00f3mo inscribirse en el AIRE. Es obligatorio cargar: los documentos de todo el n\u00facleo familiar, las pruebas de residencia de todo el n\u00facleo familiar. Es suficiente un solo formulario para toda la familia [&hellip;]","protected":false},"author":5,"featured_media":0,"parent":170,"menu_order":0,"comment_status":"closed","ping_status":"closed","template":"","meta":{"footnotes":""},"class_list":["post-1110","page","type-page","status-publish","hentry"],"_links":{"self":[{"href":"https:\/\/consmadrid.esteri.it\/es\/wp-json\/wp\/v2\/pages\/1110","targetHints":{"allow":["GET"]}}],"collection":[{"href":"https:\/\/consmadrid.esteri.it\/es\/wp-json\/wp\/v2\/pages"}],"about":[{"href":"https:\/\/consmadrid.esteri.it\/es\/wp-json\/wp\/v2\/types\/page"}],"author":[{"embeddable":true,"href":"https:\/\/consmadrid.esteri.it\/es\/wp-json\/wp\/v2\/users\/5"}],"replies":[{"embeddable":true,"href":"https:\/\/consmadrid.esteri.it\/es\/wp-json\/wp\/v2\/comments?post=1110"}],"version-history":[{"count":5,"href":"https:\/\/consmadrid.esteri.it\/es\/wp-json\/wp\/v2\/pages\/1110\/revisions"}],"predecessor-version":[{"id":5133,"href":"https:\/\/consmadrid.esteri.it\/es\/wp-json\/wp\/v2\/pages\/1110\/revisions\/5133"}],"up":[{"embeddable":true,"href":"https:\/\/consmadrid.esteri.it\/es\/wp-json\/wp\/v2\/pages\/170"}],"wp:attachment":[{"href":"https:\/\/consmadrid.esteri.it\/es\/wp-json\/wp\/v2\/media?parent=1110"}],"curies":[{"name":"wp","href":"https:\/\/api.w.org\/{rel}","templated":true}]}}