{"id":1071,"date":"2023-10-13T15:47:15","date_gmt":"2023-10-13T13:47:15","guid":{"rendered":"https:\/\/consmadrid.esteri.it\/?page_id=1071"},"modified":"2026-01-15T16:33:18","modified_gmt":"2026-01-15T15:33:18","slug":"cambio-del-comune-aire-de-referencia-en-italia-traslado-aire-aire","status":"publish","type":"page","link":"https:\/\/consmadrid.esteri.it\/es\/servizi-consolari-e-visti\/servizi-per-il-cittadino-italiano\/anagrafe-degli-italiani-residenti-allestero-aire\/cambio-del-comune-aire-de-referencia-en-italia-traslado-aire-aire\/","title":{"rendered":"Cambio del Comune AIRE de referencia en Italia (traslado AIRE\/AIRE)"},"content":{"rendered":"<p>Los ciudadanos\u00a0<strong>que ya est\u00e9n inscritos en el registro A.I.R.E.<\/strong>\u00a0de un ayuntamiento en Italia que por razones familiares o de conveniencia quieran cambiar de ayuntamiento, pueden solicitar trasladar la inscripci\u00f3n al registro de otro comune italiano; es posible solicitar dicho traslado solo si se cumple uno de los requisitos previstos por la ley:<\/p>\n<ul>\n<li>traslado en el registro A.I.R.E. de un comune italiano en cuyo registro de la poblaci\u00f3n residente (<strong>A.P.R.<\/strong>) figuren ya inscritos otros miembros del n\u00facleo familiar (*)<\/li>\n<li>traslado en el registro A.I.R.E. de un comune italiano en cuyo registro\u00a0<strong>A.I.R.E.<\/strong>\u00a0figuren ya inscritos otros miembros del n\u00facleo familiar (*)<\/li>\n<\/ul>\n<p>(*) Por\u00a0<strong>n\u00facleo familiar<\/strong>\u00a0en base al D.L. n. 69\/1988 se entiende lo siguiente: \u00ab<em>la unidad familiar est\u00e1 compuesta por c\u00f3nyuges, con exclusi\u00f3n del c\u00f3nyuge separado, e hijos o equivalentes (art\u00edculo 38 del D.P.R. n. 818\/1957) de edad menor de 18 a\u00f1os, o, sin l\u00edmite de edad, si se encuentran, debido a enfermedad o defecto f\u00edsico o mental, en la imposibilidad absoluta y permanente de dedicarse a un trabajo remunerado, en el caso de que sean hu\u00e9rfanos de ambos padres y no hayan obtenido el derecho a una pensi\u00f3n de supervivencia<\/em>\u00ab.<\/p>\n<p>En cualquier otro caso distinto a los mencionados, el traslado quedar\u00e1 sujeto a discreci\u00f3n de los dos ayuntamientos italianos competentes. En caso de que la solicitud de traslado A.I.R.E. sea aceptada, tambi\u00e9n se mover\u00e1 la inscripci\u00f3n en las listas electorales del nuevo ayuntamiento italiano.<\/p>\n<p>Para el traslado de los<strong>\u00a0hijos menores<\/strong>\u00a0en la misma solicitud es necesario adjuntar tambi\u00e9n la\u00a0<strong>declaraci\u00f3n de consentimiento firmada por ambos progenitores<\/strong>; los hijos mayores de edad en cambio tienen que presentar una solicitud individual.<\/p>\n<p>Siendo un procediiento extraordinario, de momento este servicio<strong> no est\u00e1 disponible en el portal FAST IT<\/strong>. La solicitud se puede enviar s\u00f3lo por correo postal (Consulado General de Italia &#8211; Calle Agust\u00edn de Betancourt, 3 &#8211; 28003 Madrid), junto con una copia del documento de identidad del solicitante y, en su caso, de los miembros de la unidad familiar, el impreso de solicitud a continuaci\u00f3n cumplimentado y firmado \u00b7&gt; [<a href=\"https:\/\/consmadrid.esteri.it\/wp-content\/uploads\/2024\/08\/mod-cambio_aire-aire-2024-ver-27.08.pdf\"><strong>descargar aqu\u00ed<\/strong><\/a>] &#8211; impreso \u00fanico disponible solo en lengua italiana<\/p>\n","protected":false},"excerpt":{"rendered":"Los ciudadanos\u00a0que ya est\u00e9n inscritos en el registro A.I.R.E.\u00a0de un ayuntamiento en Italia que por razones familiares o de conveniencia quieran cambiar de ayuntamiento, pueden solicitar trasladar la inscripci\u00f3n al registro de otro comune italiano; es posible solicitar dicho traslado solo si se cumple uno de los requisitos previstos por la ley: traslado en el [&hellip;]","protected":false},"author":5,"featured_media":0,"parent":170,"menu_order":0,"comment_status":"closed","ping_status":"closed","template":"","meta":{"footnotes":""},"class_list":["post-1071","page","type-page","status-publish","hentry"],"_links":{"self":[{"href":"https:\/\/consmadrid.esteri.it\/es\/wp-json\/wp\/v2\/pages\/1071","targetHints":{"allow":["GET"]}}],"collection":[{"href":"https:\/\/consmadrid.esteri.it\/es\/wp-json\/wp\/v2\/pages"}],"about":[{"href":"https:\/\/consmadrid.esteri.it\/es\/wp-json\/wp\/v2\/types\/page"}],"author":[{"embeddable":true,"href":"https:\/\/consmadrid.esteri.it\/es\/wp-json\/wp\/v2\/users\/5"}],"replies":[{"embeddable":true,"href":"https:\/\/consmadrid.esteri.it\/es\/wp-json\/wp\/v2\/comments?post=1071"}],"version-history":[{"count":4,"href":"https:\/\/consmadrid.esteri.it\/es\/wp-json\/wp\/v2\/pages\/1071\/revisions"}],"predecessor-version":[{"id":6795,"href":"https:\/\/consmadrid.esteri.it\/es\/wp-json\/wp\/v2\/pages\/1071\/revisions\/6795"}],"up":[{"embeddable":true,"href":"https:\/\/consmadrid.esteri.it\/es\/wp-json\/wp\/v2\/pages\/170"}],"wp:attachment":[{"href":"https:\/\/consmadrid.esteri.it\/es\/wp-json\/wp\/v2\/media?parent=1071"}],"curies":[{"name":"wp","href":"https:\/\/api.w.org\/{rel}","templated":true}]}}